{"id":1709,"date":"2017-09-09T09:30:28","date_gmt":"2017-09-09T08:30:28","guid":{"rendered":"http:\/\/mslaz.cz\/?page_id=1709"},"modified":"2018-08-03T14:04:23","modified_gmt":"2018-08-03T13:04:23","slug":"rekonstrukce-kuchyne","status":"publish","type":"page","link":"http:\/\/mslaz.cz\/?page_id=1709","title":{"rendered":"Rekonstrukce kuchyn\u011b 2017"},"content":{"rendered":"<div class=\"entry\">\n<p>B\u011bhem pr\u00e1zdnin prob\u011bhla \u010d\u00e1ste\u010dn\u00e1 rekonstrukce kuchyn\u011b. Nyn\u00ed m\u016f\u017ee pan\u00ed kucha\u0159ka vyu\u017e\u00edvat velmi kvalitn\u00ed spot\u0159ebi\u010de v\u010detn\u011b konvektomatu pro zdrav\u00e9 a efektivn\u00ed va\u0159en\u00ed. T\u00edmto je\u0161t\u011b jednou d\u011bkujeme panu starostovi Mgr. Anton\u00ednu Krop\u00e1\u010dovi a Obecn\u00edmu \u00fa\u0159adu L\u00e1z.<\/p>\nngg_shortcode_0_placeholder\n<\/div>\n","protected":false},"excerpt":{"rendered":"<p>B\u011bhem pr\u00e1zdnin prob\u011bhla \u010d\u00e1ste\u010dn\u00e1 rekonstrukce kuchyn\u011b. Nyn\u00ed m\u016f\u017ee pan\u00ed kucha\u0159ka vyu\u017e\u00edvat velmi kvalitn\u00ed spot\u0159ebi\u010de v\u010detn\u011b konvektomatu pro zdrav\u00e9 a efektivn\u00ed va\u0159en\u00ed. T\u00edmto je\u0161t\u011b jednou d\u011bkujeme panu starostovi Mgr. Anton\u00ednu Krop\u00e1\u010dovi a Obecn\u00edmu \u00fa\u0159adu L\u00e1z. &#8220; order_by=&#8220;sortorder&#8220; order_direction=&#8220;ASC&#8220; returns=&#8220;included&#8220; maximum_entity_count=&#8220;500&#8243;]<\/p>\n","protected":false},"author":28,"featured_media":0,"parent":0,"menu_order":0,"comment_status":"closed","ping_status":"closed","template":"","meta":{"ngg_post_thumbnail":0,"footnotes":""},"class_list":["post-1709","page","type-page","status-publish"],"_links":{"self":[{"href":"http:\/\/mslaz.cz\/index.php?rest_route=\/wp\/v2\/pages\/1709","targetHints":{"allow":["GET"]}}],"collection":[{"href":"http:\/\/mslaz.cz\/index.php?rest_route=\/wp\/v2\/pages"}],"about":[{"href":"http:\/\/mslaz.cz\/index.php?rest_route=\/wp\/v2\/types\/page"}],"author":[{"embeddable":true,"href":"http:\/\/mslaz.cz\/index.php?rest_route=\/wp\/v2\/users\/28"}],"replies":[{"embeddable":true,"href":"http:\/\/mslaz.cz\/index.php?rest_route=%2Fwp%2Fv2%2Fcomments&post=1709"}],"version-history":[{"count":2,"href":"http:\/\/mslaz.cz\/index.php?rest_route=\/wp\/v2\/pages\/1709\/revisions"}],"predecessor-version":[{"id":3188,"href":"http:\/\/mslaz.cz\/index.php?rest_route=\/wp\/v2\/pages\/1709\/revisions\/3188"}],"wp:attachment":[{"href":"http:\/\/mslaz.cz\/index.php?rest_route=%2Fwp%2Fv2%2Fmedia&parent=1709"}],"curies":[{"name":"wp","href":"https:\/\/api.w.org\/{rel}","templated":true}]}}