{"id":1713,"date":"2017-09-15T07:21:38","date_gmt":"2017-09-15T06:21:38","guid":{"rendered":"http:\/\/mslaz.cz\/?page_id=1713"},"modified":"2026-01-28T19:11:26","modified_gmt":"2026-01-28T18:11:26","slug":"projekty-ms","status":"publish","type":"page","link":"http:\/\/mslaz.cz\/?page_id=1713","title":{"rendered":"Projekty M\u0160"},"content":{"rendered":"<div class=\"entry\">\n<ul>\n<li><a href=\"http:\/\/mslaz.cz\/wp-content\/uploads\/2023\/06\/Projekt-MS-Laz-022.pdf\" target=\"_blank\" rel=\"noopener\">Projekt M\u0160 L\u00e1z 002<\/a><\/li>\n<li><a href=\"http:\/\/mslaz.cz\/wp-content\/uploads\/2024\/03\/Projekt-MS-Laz-22.pdf\" target=\"_blank\" rel=\"noopener\">Projekt M\u0160 L\u00e1z 22<\/a><\/li>\n<li><a href=\"http:\/\/mslaz.cz\/wp-content\/uploads\/2017\/09\/projekt-MS-63.pdf\">Projekt M\u0160 L\u00e1z 63<\/a><\/li>\n<li><a href=\"http:\/\/mslaz.cz\/wp-content\/uploads\/2021\/09\/Projekt-MS-Laz-80.pdf\" target=\"_blank\" rel=\"noopener\">Projekt M\u0160 L\u00e1z 80<\/a><\/li>\n<li><a href=\"http:\/\/mslaz.cz\/wp-content\/uploads\/2025\/10\/Projekt-MS-Laz-034.pdf\" target=\"_blank\" rel=\"noopener\">Projekt M\u0160 L\u00e1z 034<\/a><\/li>\n<li><a href=\"http:\/\/mslaz.cz\/wp-content\/uploads\/2026\/01\/Vybaveni-zahrady-MS-Laz.pdf\" target=\"_blank\" rel=\"noopener\">Vybaven\u00ed zahrady M\u0160 L\u00e1z<\/a><\/li>\n<li><a href=\"http:\/\/mslaz.cz\/wp-content\/uploads\/2026\/01\/MAS-Brdy-Vybaveni-zahrady.pdf\" target=\"_blank\" rel=\"noopener\">MAS Brdy Vybaven\u00ed zahrady<\/a><\/li>\n<\/ul>\n<\/div>\n","protected":false},"excerpt":{"rendered":"<p>Projekt M\u0160 L\u00e1z 002 Projekt M\u0160 L\u00e1z 22 Projekt M\u0160 L\u00e1z 63 Projekt M\u0160 L\u00e1z 80 Projekt M\u0160 L\u00e1z 034 Vybaven\u00ed zahrady M\u0160 L\u00e1z MAS Brdy Vybaven\u00ed zahrady<\/p>\n","protected":false},"author":28,"featured_media":0,"parent":0,"menu_order":0,"comment_status":"closed","ping_status":"closed","template":"","meta":{"ngg_post_thumbnail":0,"footnotes":""},"class_list":["post-1713","page","type-page","status-publish"],"_links":{"self":[{"href":"http:\/\/mslaz.cz\/index.php?rest_route=\/wp\/v2\/pages\/1713","targetHints":{"allow":["GET"]}}],"collection":[{"href":"http:\/\/mslaz.cz\/index.php?rest_route=\/wp\/v2\/pages"}],"about":[{"href":"http:\/\/mslaz.cz\/index.php?rest_route=\/wp\/v2\/types\/page"}],"author":[{"embeddable":true,"href":"http:\/\/mslaz.cz\/index.php?rest_route=\/wp\/v2\/users\/28"}],"replies":[{"embeddable":true,"href":"http:\/\/mslaz.cz\/index.php?rest_route=%2Fwp%2Fv2%2Fcomments&post=1713"}],"version-history":[{"count":16,"href":"http:\/\/mslaz.cz\/index.php?rest_route=\/wp\/v2\/pages\/1713\/revisions"}],"predecessor-version":[{"id":7545,"href":"http:\/\/mslaz.cz\/index.php?rest_route=\/wp\/v2\/pages\/1713\/revisions\/7545"}],"wp:attachment":[{"href":"http:\/\/mslaz.cz\/index.php?rest_route=%2Fwp%2Fv2%2Fmedia&parent=1713"}],"curies":[{"name":"wp","href":"https:\/\/api.w.org\/{rel}","templated":true}]}}