{"id":1768,"date":"2017-10-05T10:18:34","date_gmt":"2017-10-05T09:18:34","guid":{"rendered":"http:\/\/mslaz.cz\/?page_id=1768"},"modified":"2017-10-05T10:28:36","modified_gmt":"2017-10-05T09:28:36","slug":"2017-strudlovani-prochazky-do-prirody","status":"publish","type":"page","link":"http:\/\/mslaz.cz\/?page_id=1768","title":{"rendered":"2017 &#8211; z\u00e1\u0159\u00ed &#8211; \u0161tr\u016fdlov\u00e1n\u00ed, proch\u00e1zky do p\u0159\u00edrody"},"content":{"rendered":"<div class=\"entry\">\nngg_shortcode_0_placeholder\n<\/div>\n","protected":false},"excerpt":{"rendered":"<p>&#8220; order_by=&#8220;sortorder&#8220; order_direction=&#8220;ASC&#8220; returns=&#8220;included&#8220; maximum_entity_count=&#8220;500&#8243;]<\/p>\n","protected":false},"author":28,"featured_media":0,"parent":0,"menu_order":0,"comment_status":"closed","ping_status":"closed","template":"","meta":{"ngg_post_thumbnail":0,"footnotes":""},"class_list":["post-1768","page","type-page","status-publish"],"_links":{"self":[{"href":"http:\/\/mslaz.cz\/index.php?rest_route=\/wp\/v2\/pages\/1768","targetHints":{"allow":["GET"]}}],"collection":[{"href":"http:\/\/mslaz.cz\/index.php?rest_route=\/wp\/v2\/pages"}],"about":[{"href":"http:\/\/mslaz.cz\/index.php?rest_route=\/wp\/v2\/types\/page"}],"author":[{"embeddable":true,"href":"http:\/\/mslaz.cz\/index.php?rest_route=\/wp\/v2\/users\/28"}],"replies":[{"embeddable":true,"href":"http:\/\/mslaz.cz\/index.php?rest_route=%2Fwp%2Fv2%2Fcomments&post=1768"}],"version-history":[{"count":4,"href":"http:\/\/mslaz.cz\/index.php?rest_route=\/wp\/v2\/pages\/1768\/revisions"}],"predecessor-version":[{"id":1778,"href":"http:\/\/mslaz.cz\/index.php?rest_route=\/wp\/v2\/pages\/1768\/revisions\/1778"}],"wp:attachment":[{"href":"http:\/\/mslaz.cz\/index.php?rest_route=%2Fwp%2Fv2%2Fmedia&parent=1768"}],"curies":[{"name":"wp","href":"https:\/\/api.w.org\/{rel}","templated":true}]}}