{"id":2288,"date":"2018-02-13T11:54:34","date_gmt":"2018-02-13T10:54:34","guid":{"rendered":"http:\/\/mslaz.cz\/?page_id=2288"},"modified":"2018-02-13T11:55:25","modified_gmt":"2018-02-13T10:55:25","slug":"1-plavani-unor-2018","status":"publish","type":"page","link":"http:\/\/mslaz.cz\/?page_id=2288","title":{"rendered":"2018 &#8211; \u00fanor &#8211; 1. plav\u00e1n\u00ed"},"content":{"rendered":"<div class=\"entry\">\nngg_shortcode_0_placeholder\n<\/div>\n","protected":false},"excerpt":{"rendered":"<p>&#8220; order_by=&#8220;sortorder&#8220; order_direction=&#8220;ASC&#8220; returns=&#8220;included&#8220; maximum_entity_count=&#8220;500&#8243;]<\/p>\n","protected":false},"author":28,"featured_media":0,"parent":0,"menu_order":0,"comment_status":"closed","ping_status":"closed","template":"","meta":{"ngg_post_thumbnail":0,"footnotes":""},"class_list":["post-2288","page","type-page","status-publish"],"_links":{"self":[{"href":"http:\/\/mslaz.cz\/index.php?rest_route=\/wp\/v2\/pages\/2288","targetHints":{"allow":["GET"]}}],"collection":[{"href":"http:\/\/mslaz.cz\/index.php?rest_route=\/wp\/v2\/pages"}],"about":[{"href":"http:\/\/mslaz.cz\/index.php?rest_route=\/wp\/v2\/types\/page"}],"author":[{"embeddable":true,"href":"http:\/\/mslaz.cz\/index.php?rest_route=\/wp\/v2\/users\/28"}],"replies":[{"embeddable":true,"href":"http:\/\/mslaz.cz\/index.php?rest_route=%2Fwp%2Fv2%2Fcomments&post=2288"}],"version-history":[{"count":2,"href":"http:\/\/mslaz.cz\/index.php?rest_route=\/wp\/v2\/pages\/2288\/revisions"}],"predecessor-version":[{"id":2290,"href":"http:\/\/mslaz.cz\/index.php?rest_route=\/wp\/v2\/pages\/2288\/revisions\/2290"}],"wp:attachment":[{"href":"http:\/\/mslaz.cz\/index.php?rest_route=%2Fwp%2Fv2%2Fmedia&parent=2288"}],"curies":[{"name":"wp","href":"https:\/\/api.w.org\/{rel}","templated":true}]}}