{"id":2327,"date":"2018-02-19T20:21:06","date_gmt":"2018-02-19T19:21:06","guid":{"rendered":"http:\/\/mslaz.cz\/?page_id=2327"},"modified":"2018-02-19T20:21:06","modified_gmt":"2018-02-19T19:21:06","slug":"2018-unor-vytvarny-krouzek","status":"publish","type":"page","link":"http:\/\/mslaz.cz\/?page_id=2327","title":{"rendered":"2018 &#8211; \u00fanor &#8211; v\u00fdtvarn\u00fd krou\u017eek"},"content":{"rendered":"<div class=\"entry\">\nngg_shortcode_0_placeholder\n<\/div>\n","protected":false},"excerpt":{"rendered":"<p>&#8220; order_by=&#8220;sortorder&#8220; order_direction=&#8220;ASC&#8220; returns=&#8220;included&#8220; maximum_entity_count=&#8220;500&#8243;]<\/p>\n","protected":false},"author":28,"featured_media":0,"parent":0,"menu_order":0,"comment_status":"closed","ping_status":"closed","template":"","meta":{"ngg_post_thumbnail":0,"footnotes":""},"class_list":["post-2327","page","type-page","status-publish"],"_links":{"self":[{"href":"http:\/\/mslaz.cz\/index.php?rest_route=\/wp\/v2\/pages\/2327","targetHints":{"allow":["GET"]}}],"collection":[{"href":"http:\/\/mslaz.cz\/index.php?rest_route=\/wp\/v2\/pages"}],"about":[{"href":"http:\/\/mslaz.cz\/index.php?rest_route=\/wp\/v2\/types\/page"}],"author":[{"embeddable":true,"href":"http:\/\/mslaz.cz\/index.php?rest_route=\/wp\/v2\/users\/28"}],"replies":[{"embeddable":true,"href":"http:\/\/mslaz.cz\/index.php?rest_route=%2Fwp%2Fv2%2Fcomments&post=2327"}],"version-history":[{"count":1,"href":"http:\/\/mslaz.cz\/index.php?rest_route=\/wp\/v2\/pages\/2327\/revisions"}],"predecessor-version":[{"id":2328,"href":"http:\/\/mslaz.cz\/index.php?rest_route=\/wp\/v2\/pages\/2327\/revisions\/2328"}],"wp:attachment":[{"href":"http:\/\/mslaz.cz\/index.php?rest_route=%2Fwp%2Fv2%2Fmedia&parent=2327"}],"curies":[{"name":"wp","href":"https:\/\/api.w.org\/{rel}","templated":true}]}}