{"id":4859,"date":"2019-11-27T12:20:01","date_gmt":"2019-11-27T11:20:01","guid":{"rendered":"http:\/\/mslaz.cz\/?page_id=4859"},"modified":"2025-02-19T15:52:03","modified_gmt":"2025-02-19T14:52:03","slug":"nejnovejsi-foto","status":"publish","type":"page","link":"http:\/\/mslaz.cz\/?page_id=4859","title":{"rendered":"Nejnov\u011bj\u0161\u00ed foto"},"content":{"rendered":"<div class=\"entry\">\n\nngg_shortcode_0_placeholder\r\n\n\n<\/div>","protected":false},"excerpt":{"rendered":"","protected":false},"author":28,"featured_media":0,"parent":0,"menu_order":0,"comment_status":"closed","ping_status":"closed","template":"","meta":{"ngg_post_thumbnail":0,"footnotes":""},"class_list":["post-4859","page","type-page","status-publish"],"_links":{"self":[{"href":"http:\/\/mslaz.cz\/index.php?rest_route=\/wp\/v2\/pages\/4859","targetHints":{"allow":["GET"]}}],"collection":[{"href":"http:\/\/mslaz.cz\/index.php?rest_route=\/wp\/v2\/pages"}],"about":[{"href":"http:\/\/mslaz.cz\/index.php?rest_route=\/wp\/v2\/types\/page"}],"author":[{"embeddable":true,"href":"http:\/\/mslaz.cz\/index.php?rest_route=\/wp\/v2\/users\/28"}],"replies":[{"embeddable":true,"href":"http:\/\/mslaz.cz\/index.php?rest_route=%2Fwp%2Fv2%2Fcomments&post=4859"}],"version-history":[{"count":32,"href":"http:\/\/mslaz.cz\/index.php?rest_route=\/wp\/v2\/pages\/4859\/revisions"}],"predecessor-version":[{"id":7295,"href":"http:\/\/mslaz.cz\/index.php?rest_route=\/wp\/v2\/pages\/4859\/revisions\/7295"}],"wp:attachment":[{"href":"http:\/\/mslaz.cz\/index.php?rest_route=%2Fwp%2Fv2%2Fmedia&parent=4859"}],"curies":[{"name":"wp","href":"https:\/\/api.w.org\/{rel}","templated":true}]}}