{"id":5384,"date":"2020-10-14T19:49:19","date_gmt":"2020-10-14T18:49:19","guid":{"rendered":"http:\/\/mslaz.cz\/?page_id=5384"},"modified":"2021-10-14T10:29:43","modified_gmt":"2021-10-14T09:29:43","slug":"archiv-skolni-rok-2020-2021","status":"publish","type":"page","link":"http:\/\/mslaz.cz\/?page_id=5384","title":{"rendered":"Archiv \u0161koln\u00ed rok 2020\/2021"},"content":{"rendered":"<div class=\"entry\">\n\n\r\n<ul class=\"wp-block-list\">\r\n<li><a href=\"http:\/\/mslaz.cz\/?page_id=5906\">2021 &#8211; \u00fanor &#8211; karneval ve \u0161kolce<\/a><\/li>\r\n<li><a href=\"http:\/\/mslaz.cz\/?page_id=5736\">2021 &#8211; \u00fanor &#8211; nov\u00e1 t\u0159\u00edda<\/a><\/li>\r\n<li><a href=\"http:\/\/mslaz.cz\/?page_id=5734\">2021 &#8211; leden &#8211; myslivci ve \u0161kolce<\/a><\/li>\r\n<li><a href=\"http:\/\/mslaz.cz\/?page_id=5686\">2021 &#8211; leden &#8211; ve \u0161kolce<\/a><\/li>\r\n<li><a href=\"http:\/\/mslaz.cz\/?page_id=5684\">2021 &#8211; leden &#8211; t\u00e9ma pt\u00e1\u010dci<\/a><\/li>\r\n<li><a href=\"http:\/\/mslaz.cz\/?page_id=5622\">2021 &#8211; leden &#8211; sn\u011bhov\u00e9 radov\u00e1nky<\/a><\/li>\r\n<li><a href=\"http:\/\/mslaz.cz\/?page_id=5624\">2020 &#8211; prosinec &#8211; V\u00e1noce ve \u0161kolce<\/a><\/li>\r\n<li><a href=\"http:\/\/mslaz.cz\/?page_id=5550\" data-type=\"page\" data-id=\"5550\">2020 \u2013 prosinec \u2013 Mikul\u00e1\u0161 ve \u0161kolce<\/a><\/li>\r\n<li><a href=\"http:\/\/mslaz.cz\/?page_id=5496\" data-type=\"page\" data-id=\"5496\">2020 \u2013 listopad \u2013 va\u0159\u00edme ve \u0161kolce<\/a><\/li>\r\n<li><a href=\"http:\/\/mslaz.cz\/?page_id=5498\" data-type=\"page\" data-id=\"5498\">2020 \u2013 z\u00e1\u0159\u00ed-listopad \u2013 p\u0159estavba prostor M\u0160<\/a><\/li>\r\n<li><a href=\"http:\/\/mslaz.cz\/?page_id=5386\" data-type=\"page\" data-id=\"5386\">2020 &#8211; srpen &#8211; p\u0159estavba prostor M\u0160<\/a><\/li>\r\n<\/ul>\r\n\n\n<\/div>","protected":false},"excerpt":{"rendered":"<p>2021 &#8211; \u00fanor &#8211; karneval ve \u0161kolce 2021 &#8211; \u00fanor &#8211; nov\u00e1 t\u0159\u00edda 2021 &#8211; leden &#8211; myslivci ve \u0161kolce 2021 &#8211; leden &#8211; ve \u0161kolce 2021 &#8211; leden &#8211; t\u00e9ma pt\u00e1\u010dci 2021 &#8211; leden &#8211; sn\u011bhov\u00e9 radov\u00e1nky 2020 &#8211; prosinec &#8211; V\u00e1noce ve \u0161kolce 2020 \u2013 prosinec \u2013 Mikul\u00e1\u0161 ve \u0161kolce 2020 \u2013 listopad &#8230;<\/p>\n","protected":false},"author":28,"featured_media":0,"parent":0,"menu_order":0,"comment_status":"closed","ping_status":"closed","template":"","meta":{"ngg_post_thumbnail":0,"footnotes":""},"class_list":["post-5384","page","type-page","status-publish"],"_links":{"self":[{"href":"http:\/\/mslaz.cz\/index.php?rest_route=\/wp\/v2\/pages\/5384","targetHints":{"allow":["GET"]}}],"collection":[{"href":"http:\/\/mslaz.cz\/index.php?rest_route=\/wp\/v2\/pages"}],"about":[{"href":"http:\/\/mslaz.cz\/index.php?rest_route=\/wp\/v2\/types\/page"}],"author":[{"embeddable":true,"href":"http:\/\/mslaz.cz\/index.php?rest_route=\/wp\/v2\/users\/28"}],"replies":[{"embeddable":true,"href":"http:\/\/mslaz.cz\/index.php?rest_route=%2Fwp%2Fv2%2Fcomments&post=5384"}],"version-history":[{"count":12,"href":"http:\/\/mslaz.cz\/index.php?rest_route=\/wp\/v2\/pages\/5384\/revisions"}],"predecessor-version":[{"id":5908,"href":"http:\/\/mslaz.cz\/index.php?rest_route=\/wp\/v2\/pages\/5384\/revisions\/5908"}],"wp:attachment":[{"href":"http:\/\/mslaz.cz\/index.php?rest_route=%2Fwp%2Fv2%2Fmedia&parent=5384"}],"curies":[{"name":"wp","href":"https:\/\/api.w.org\/{rel}","templated":true}]}}