{"id":5498,"date":"2020-12-07T14:34:44","date_gmt":"2020-12-07T13:34:44","guid":{"rendered":"http:\/\/mslaz.cz\/?page_id=5498"},"modified":"2020-12-07T14:39:42","modified_gmt":"2020-12-07T13:39:42","slug":"2020-zari-listopad-prestavba-prostor-ms","status":"publish","type":"page","link":"http:\/\/mslaz.cz\/?page_id=5498","title":{"rendered":"2020 \u2013 z\u00e1\u0159\u00ed a\u017e listopad \u2013 p\u0159estavba prostor M\u0160"},"content":{"rendered":"<div class=\"entry\">\n\n\nngg_shortcode_0_placeholder\n\n\n<\/div>","protected":false},"excerpt":{"rendered":"","protected":false},"author":28,"featured_media":0,"parent":0,"menu_order":0,"comment_status":"closed","ping_status":"closed","template":"","meta":{"ngg_post_thumbnail":0,"footnotes":""},"class_list":["post-5498","page","type-page","status-publish"],"_links":{"self":[{"href":"http:\/\/mslaz.cz\/index.php?rest_route=\/wp\/v2\/pages\/5498","targetHints":{"allow":["GET"]}}],"collection":[{"href":"http:\/\/mslaz.cz\/index.php?rest_route=\/wp\/v2\/pages"}],"about":[{"href":"http:\/\/mslaz.cz\/index.php?rest_route=\/wp\/v2\/types\/page"}],"author":[{"embeddable":true,"href":"http:\/\/mslaz.cz\/index.php?rest_route=\/wp\/v2\/users\/28"}],"replies":[{"embeddable":true,"href":"http:\/\/mslaz.cz\/index.php?rest_route=%2Fwp%2Fv2%2Fcomments&post=5498"}],"version-history":[{"count":2,"href":"http:\/\/mslaz.cz\/index.php?rest_route=\/wp\/v2\/pages\/5498\/revisions"}],"predecessor-version":[{"id":5502,"href":"http:\/\/mslaz.cz\/index.php?rest_route=\/wp\/v2\/pages\/5498\/revisions\/5502"}],"wp:attachment":[{"href":"http:\/\/mslaz.cz\/index.php?rest_route=%2Fwp%2Fv2%2Fmedia&parent=5498"}],"curies":[{"name":"wp","href":"https:\/\/api.w.org\/{rel}","templated":true}]}}