{"id":5550,"date":"2020-12-30T21:19:08","date_gmt":"2020-12-30T20:19:08","guid":{"rendered":"http:\/\/mslaz.cz\/?page_id=5550"},"modified":"2020-12-30T21:19:10","modified_gmt":"2020-12-30T20:19:10","slug":"2020-prosinec-mikulas-ve-skolce","status":"publish","type":"page","link":"http:\/\/mslaz.cz\/?page_id=5550","title":{"rendered":"2020 \u2013 prosinec \u2013 Mikul\u00e1\u0161 ve \u0161kolce"},"content":{"rendered":"<div class=\"entry\">\n\n\nngg_shortcode_0_placeholder\n\n\n<\/div>","protected":false},"excerpt":{"rendered":"","protected":false},"author":28,"featured_media":0,"parent":0,"menu_order":0,"comment_status":"closed","ping_status":"closed","template":"","meta":{"ngg_post_thumbnail":0,"footnotes":""},"class_list":["post-5550","page","type-page","status-publish"],"_links":{"self":[{"href":"http:\/\/mslaz.cz\/index.php?rest_route=\/wp\/v2\/pages\/5550","targetHints":{"allow":["GET"]}}],"collection":[{"href":"http:\/\/mslaz.cz\/index.php?rest_route=\/wp\/v2\/pages"}],"about":[{"href":"http:\/\/mslaz.cz\/index.php?rest_route=\/wp\/v2\/types\/page"}],"author":[{"embeddable":true,"href":"http:\/\/mslaz.cz\/index.php?rest_route=\/wp\/v2\/users\/28"}],"replies":[{"embeddable":true,"href":"http:\/\/mslaz.cz\/index.php?rest_route=%2Fwp%2Fv2%2Fcomments&post=5550"}],"version-history":[{"count":1,"href":"http:\/\/mslaz.cz\/index.php?rest_route=\/wp\/v2\/pages\/5550\/revisions"}],"predecessor-version":[{"id":5551,"href":"http:\/\/mslaz.cz\/index.php?rest_route=\/wp\/v2\/pages\/5550\/revisions\/5551"}],"wp:attachment":[{"href":"http:\/\/mslaz.cz\/index.php?rest_route=%2Fwp%2Fv2%2Fmedia&parent=5550"}],"curies":[{"name":"wp","href":"https:\/\/api.w.org\/{rel}","templated":true}]}}