{"id":5622,"date":"2021-01-22T16:26:20","date_gmt":"2021-01-22T15:26:20","guid":{"rendered":"http:\/\/mslaz.cz\/?page_id=5622"},"modified":"2021-01-22T16:26:20","modified_gmt":"2021-01-22T15:26:20","slug":"2021-leden-snehove-radovanky","status":"publish","type":"page","link":"http:\/\/mslaz.cz\/?page_id=5622","title":{"rendered":"2021 &#8211; leden &#8211; sn\u011bhov\u00e9 radov\u00e1nky"},"content":{"rendered":"<div class=\"entry\">\nngg_shortcode_0_placeholder\n<\/div>\n","protected":false},"excerpt":{"rendered":"","protected":false},"author":28,"featured_media":0,"parent":0,"menu_order":0,"comment_status":"closed","ping_status":"closed","template":"","meta":{"ngg_post_thumbnail":0,"footnotes":""},"class_list":["post-5622","page","type-page","status-publish"],"_links":{"self":[{"href":"http:\/\/mslaz.cz\/index.php?rest_route=\/wp\/v2\/pages\/5622","targetHints":{"allow":["GET"]}}],"collection":[{"href":"http:\/\/mslaz.cz\/index.php?rest_route=\/wp\/v2\/pages"}],"about":[{"href":"http:\/\/mslaz.cz\/index.php?rest_route=\/wp\/v2\/types\/page"}],"author":[{"embeddable":true,"href":"http:\/\/mslaz.cz\/index.php?rest_route=\/wp\/v2\/users\/28"}],"replies":[{"embeddable":true,"href":"http:\/\/mslaz.cz\/index.php?rest_route=%2Fwp%2Fv2%2Fcomments&post=5622"}],"version-history":[{"count":1,"href":"http:\/\/mslaz.cz\/index.php?rest_route=\/wp\/v2\/pages\/5622\/revisions"}],"predecessor-version":[{"id":5623,"href":"http:\/\/mslaz.cz\/index.php?rest_route=\/wp\/v2\/pages\/5622\/revisions\/5623"}],"wp:attachment":[{"href":"http:\/\/mslaz.cz\/index.php?rest_route=%2Fwp%2Fv2%2Fmedia&parent=5622"}],"curies":[{"name":"wp","href":"https:\/\/api.w.org\/{rel}","templated":true}]}}