{"id":5684,"date":"2021-02-08T15:37:49","date_gmt":"2021-02-08T14:37:49","guid":{"rendered":"http:\/\/mslaz.cz\/?page_id=5684"},"modified":"2021-02-08T15:37:49","modified_gmt":"2021-02-08T14:37:49","slug":"2021-leden-tema-ptacci","status":"publish","type":"page","link":"http:\/\/mslaz.cz\/?page_id=5684","title":{"rendered":"2021 \u2013 leden \u2013 t\u00e9ma pt\u00e1\u010dci"},"content":{"rendered":"<div class=\"entry\">\nngg_shortcode_0_placeholder\n<\/div>\n","protected":false},"excerpt":{"rendered":"","protected":false},"author":28,"featured_media":0,"parent":0,"menu_order":0,"comment_status":"closed","ping_status":"closed","template":"","meta":{"ngg_post_thumbnail":0,"footnotes":""},"class_list":["post-5684","page","type-page","status-publish"],"_links":{"self":[{"href":"http:\/\/mslaz.cz\/index.php?rest_route=\/wp\/v2\/pages\/5684","targetHints":{"allow":["GET"]}}],"collection":[{"href":"http:\/\/mslaz.cz\/index.php?rest_route=\/wp\/v2\/pages"}],"about":[{"href":"http:\/\/mslaz.cz\/index.php?rest_route=\/wp\/v2\/types\/page"}],"author":[{"embeddable":true,"href":"http:\/\/mslaz.cz\/index.php?rest_route=\/wp\/v2\/users\/28"}],"replies":[{"embeddable":true,"href":"http:\/\/mslaz.cz\/index.php?rest_route=%2Fwp%2Fv2%2Fcomments&post=5684"}],"version-history":[{"count":1,"href":"http:\/\/mslaz.cz\/index.php?rest_route=\/wp\/v2\/pages\/5684\/revisions"}],"predecessor-version":[{"id":5685,"href":"http:\/\/mslaz.cz\/index.php?rest_route=\/wp\/v2\/pages\/5684\/revisions\/5685"}],"wp:attachment":[{"href":"http:\/\/mslaz.cz\/index.php?rest_route=%2Fwp%2Fv2%2Fmedia&parent=5684"}],"curies":[{"name":"wp","href":"https:\/\/api.w.org\/{rel}","templated":true}]}}