{"id":6011,"date":"2022-01-24T10:48:56","date_gmt":"2022-01-24T09:48:56","guid":{"rendered":"http:\/\/mslaz.cz\/?page_id=6011"},"modified":"2022-01-24T10:52:50","modified_gmt":"2022-01-24T09:52:50","slug":"2022-leden-leden-ve-skolce","status":"publish","type":"page","link":"http:\/\/mslaz.cz\/?page_id=6011","title":{"rendered":"2021 &#8211; z\u00e1\u0159\u00ed &#8211; ve \u0161kolce"},"content":{"rendered":"<div class=\"entry\">\nngg_shortcode_0_placeholder\n<\/div>\n","protected":false},"excerpt":{"rendered":"","protected":false},"author":28,"featured_media":0,"parent":0,"menu_order":0,"comment_status":"closed","ping_status":"closed","template":"","meta":{"ngg_post_thumbnail":0,"footnotes":""},"class_list":["post-6011","page","type-page","status-publish"],"_links":{"self":[{"href":"http:\/\/mslaz.cz\/index.php?rest_route=\/wp\/v2\/pages\/6011","targetHints":{"allow":["GET"]}}],"collection":[{"href":"http:\/\/mslaz.cz\/index.php?rest_route=\/wp\/v2\/pages"}],"about":[{"href":"http:\/\/mslaz.cz\/index.php?rest_route=\/wp\/v2\/types\/page"}],"author":[{"embeddable":true,"href":"http:\/\/mslaz.cz\/index.php?rest_route=\/wp\/v2\/users\/28"}],"replies":[{"embeddable":true,"href":"http:\/\/mslaz.cz\/index.php?rest_route=%2Fwp%2Fv2%2Fcomments&post=6011"}],"version-history":[{"count":2,"href":"http:\/\/mslaz.cz\/index.php?rest_route=\/wp\/v2\/pages\/6011\/revisions"}],"predecessor-version":[{"id":6015,"href":"http:\/\/mslaz.cz\/index.php?rest_route=\/wp\/v2\/pages\/6011\/revisions\/6015"}],"wp:attachment":[{"href":"http:\/\/mslaz.cz\/index.php?rest_route=%2Fwp%2Fv2%2Fmedia&parent=6011"}],"curies":[{"name":"wp","href":"https:\/\/api.w.org\/{rel}","templated":true}]}}