{"id":6394,"date":"2022-10-18T08:26:48","date_gmt":"2022-10-18T07:26:48","guid":{"rendered":"http:\/\/mslaz.cz\/?page_id=6394"},"modified":"2022-10-18T08:26:48","modified_gmt":"2022-10-18T07:26:48","slug":"2022-unor-lyzarsky-pobyt-moninec","status":"publish","type":"page","link":"http:\/\/mslaz.cz\/?page_id=6394","title":{"rendered":"2022 &#8211; \u00fanor &#8211; ly\u017ea\u0159sk\u00fd pobyt Mon\u00ednec"},"content":{"rendered":"<div class=\"entry\">\nngg_shortcode_0_placeholder\n<\/div>\n","protected":false},"excerpt":{"rendered":"","protected":false},"author":28,"featured_media":0,"parent":0,"menu_order":0,"comment_status":"closed","ping_status":"closed","template":"","meta":{"ngg_post_thumbnail":0,"footnotes":""},"class_list":["post-6394","page","type-page","status-publish"],"_links":{"self":[{"href":"http:\/\/mslaz.cz\/index.php?rest_route=\/wp\/v2\/pages\/6394","targetHints":{"allow":["GET"]}}],"collection":[{"href":"http:\/\/mslaz.cz\/index.php?rest_route=\/wp\/v2\/pages"}],"about":[{"href":"http:\/\/mslaz.cz\/index.php?rest_route=\/wp\/v2\/types\/page"}],"author":[{"embeddable":true,"href":"http:\/\/mslaz.cz\/index.php?rest_route=\/wp\/v2\/users\/28"}],"replies":[{"embeddable":true,"href":"http:\/\/mslaz.cz\/index.php?rest_route=%2Fwp%2Fv2%2Fcomments&post=6394"}],"version-history":[{"count":1,"href":"http:\/\/mslaz.cz\/index.php?rest_route=\/wp\/v2\/pages\/6394\/revisions"}],"predecessor-version":[{"id":6395,"href":"http:\/\/mslaz.cz\/index.php?rest_route=\/wp\/v2\/pages\/6394\/revisions\/6395"}],"wp:attachment":[{"href":"http:\/\/mslaz.cz\/index.php?rest_route=%2Fwp%2Fv2%2Fmedia&parent=6394"}],"curies":[{"name":"wp","href":"https:\/\/api.w.org\/{rel}","templated":true}]}}