{"id":7074,"date":"2024-05-22T06:25:42","date_gmt":"2024-05-22T05:25:42","guid":{"rendered":"https:\/\/mslaz.cz\/?page_id=7074"},"modified":"2024-05-22T06:25:42","modified_gmt":"2024-05-22T05:25:42","slug":"inspekcni-zprava","status":"publish","type":"page","link":"http:\/\/mslaz.cz\/?page_id=7074","title":{"rendered":"Inspek\u010dn\u00ed zpr\u00e1va"},"content":{"rendered":"<div class=\"entry\">\n<ul>\n<li><a href=\"http:\/\/mslaz.cz\/wp-content\/uploads\/2024\/05\/Inspekcni-zprava-2024.pdf\" target=\"_blank\" rel=\"noopener\">Inspek\u010dn\u00ed zpr\u00e1va 2024<\/a><\/li>\n<\/ul>\n<\/div>\n","protected":false},"excerpt":{"rendered":"<p>Inspek\u010dn\u00ed zpr\u00e1va 2024<\/p>\n","protected":false},"author":28,"featured_media":0,"parent":0,"menu_order":0,"comment_status":"closed","ping_status":"closed","template":"","meta":{"ngg_post_thumbnail":0,"footnotes":""},"class_list":["post-7074","page","type-page","status-publish"],"_links":{"self":[{"href":"http:\/\/mslaz.cz\/index.php?rest_route=\/wp\/v2\/pages\/7074","targetHints":{"allow":["GET"]}}],"collection":[{"href":"http:\/\/mslaz.cz\/index.php?rest_route=\/wp\/v2\/pages"}],"about":[{"href":"http:\/\/mslaz.cz\/index.php?rest_route=\/wp\/v2\/types\/page"}],"author":[{"embeddable":true,"href":"http:\/\/mslaz.cz\/index.php?rest_route=\/wp\/v2\/users\/28"}],"replies":[{"embeddable":true,"href":"http:\/\/mslaz.cz\/index.php?rest_route=%2Fwp%2Fv2%2Fcomments&post=7074"}],"version-history":[{"count":1,"href":"http:\/\/mslaz.cz\/index.php?rest_route=\/wp\/v2\/pages\/7074\/revisions"}],"predecessor-version":[{"id":7076,"href":"http:\/\/mslaz.cz\/index.php?rest_route=\/wp\/v2\/pages\/7074\/revisions\/7076"}],"wp:attachment":[{"href":"http:\/\/mslaz.cz\/index.php?rest_route=%2Fwp%2Fv2%2Fmedia&parent=7074"}],"curies":[{"name":"wp","href":"https:\/\/api.w.org\/{rel}","templated":true}]}}