{"id":1929,"date":"2017-11-29T13:40:43","date_gmt":"2017-11-29T12:40:43","guid":{"rendered":"http:\/\/mslaz.cz\/?page_id=1929"},"modified":"2018-01-15T12:11:03","modified_gmt":"2018-01-15T11:11:03","slug":"rozpocet-2018","status":"publish","type":"page","link":"https:\/\/mslaz.cz\/?page_id=1929","title":{"rendered":"Rozpo\u010det 2018"},"content":{"rendered":"<div class=\"entry\">\n<p>Schv\u00e1len\u00fd rozpo\u010det 2018 a p\u016fvodn\u00ed n\u00e1vrh rozpo\u010dtu 2018 pro M\u0160 L\u00e1z si m\u016f\u017eete st\u00e1hnout zde:<\/p>\n<ul>\n<li><strong><span style=\"text-decoration: underline;\"><a href=\"http:\/\/mslaz.cz\/wp-content\/uploads\/2017\/11\/M\u0160_L\u00e1z_Rozpo\u010det_2018_schv\u00e1len\u00fd.pdf\" target=\"_blank\" rel=\"noopener noreferrer\">M\u0160_L\u00e1z_Rozpo\u010det_2018_schv\u00e1len\u00fd<\/a><\/span><\/strong><\/li>\n<li><strong><a href=\"http:\/\/mslaz.cz\/wp-content\/uploads\/2017\/11\/M\u0160_N\u00e1vrh_rozpo\u010dtu_2018-ke-zve\u0159ejn\u011bn\u00ed.pdf\" target=\"_blank\" rel=\"noopener noreferrer\">M\u0160_N\u00e1vrh_rozpo\u010dtu_2018 ke zve\u0159ejn\u011bn\u00ed<\/a><\/strong><\/li>\n<\/ul>\n<\/div>\n","protected":false},"excerpt":{"rendered":"<p>Schv\u00e1len\u00fd rozpo\u010det 2018 a p\u016fvodn\u00ed n\u00e1vrh rozpo\u010dtu 2018 pro M\u0160 L\u00e1z si m\u016f\u017eete st\u00e1hnout zde: M\u0160_L\u00e1z_Rozpo\u010det_2018_schv\u00e1len\u00fd M\u0160_N\u00e1vrh_rozpo\u010dtu_2018 ke zve\u0159ejn\u011bn\u00ed<\/p>\n","protected":false},"author":28,"featured_media":0,"parent":0,"menu_order":0,"comment_status":"closed","ping_status":"closed","template":"","meta":{"ngg_post_thumbnail":0,"footnotes":""},"class_list":["post-1929","page","type-page","status-publish"],"_links":{"self":[{"href":"https:\/\/mslaz.cz\/index.php?rest_route=\/wp\/v2\/pages\/1929","targetHints":{"allow":["GET"]}}],"collection":[{"href":"https:\/\/mslaz.cz\/index.php?rest_route=\/wp\/v2\/pages"}],"about":[{"href":"https:\/\/mslaz.cz\/index.php?rest_route=\/wp\/v2\/types\/page"}],"author":[{"embeddable":true,"href":"https:\/\/mslaz.cz\/index.php?rest_route=\/wp\/v2\/users\/28"}],"replies":[{"embeddable":true,"href":"https:\/\/mslaz.cz\/index.php?rest_route=%2Fwp%2Fv2%2Fcomments&post=1929"}],"version-history":[{"count":6,"href":"https:\/\/mslaz.cz\/index.php?rest_route=\/wp\/v2\/pages\/1929\/revisions"}],"predecessor-version":[{"id":2101,"href":"https:\/\/mslaz.cz\/index.php?rest_route=\/wp\/v2\/pages\/1929\/revisions\/2101"}],"wp:attachment":[{"href":"https:\/\/mslaz.cz\/index.php?rest_route=%2Fwp%2Fv2%2Fmedia&parent=1929"}],"curies":[{"name":"wp","href":"https:\/\/api.w.org\/{rel}","templated":true}]}}