{"id":2,"date":"2014-08-29T12:48:08","date_gmt":"2014-08-29T12:48:08","guid":{"rendered":"http:\/\/wp.appi.pro\/domains\/wp.appi.pro\/?page_id=2"},"modified":"2026-04-19T15:53:51","modified_gmt":"2026-04-19T14:53:51","slug":"index","status":"publish","type":"page","link":"https:\/\/mslaz.cz\/","title":{"rendered":"Aktuality"},"content":{"rendered":"<div class=\"entry\">\n<p><strong>Dobr\u00fd den,<\/strong><\/p>\n<p>mil\u00ed rodi\u010de (i d\u011bti nov\u011b p\u0159ijat\u00e9 od z\u00e1\u0159\u00ed),&nbsp;<\/p>\n<p><strong>srde\u010dn\u011b V\u00e1s zveme na celodenn\u00ed v\u00fdlet do Kon\u011bprusk\u00fdch jesky\u0148 a na medv\u011bdy<\/strong>, kam pojedeme ve st\u0159edu 20. 5. 2026. V p\u0159\u00edpad\u011b z\u00e1jmu se nahlaste ve \u0161kolce \ud83d\ude42<\/p>\n<p><a href=\"http:\/\/mslaz.cz\/wp-content\/uploads\/2026\/04\/Rozhodnuti_seznam_prijatych-2026.pdf\" target=\"_blank\" rel=\"noopener\">V\u00fdsledky z\u00e1pisu naleznete zde\u2026<\/a><\/p>\n<p><a href=\"http:\/\/mslaz.cz\/?page_id=4859\">Aktu\u00e1ln\u00ed fotografie &#8211; zde&#8230;.:<\/a><\/p>\n<p>&nbsp;<\/p>\n<p><strong>&nbsp;<\/strong><\/p>\n<p>&nbsp;<\/p>\n<p>&nbsp;<\/p>\n<p>&nbsp;<\/p>\n<p>&nbsp;<\/p>\n<p>&nbsp;<\/p>\n<p>&nbsp;<\/p>\n<\/div>\n","protected":false},"excerpt":{"rendered":"<p>Dobr\u00fd den, mil\u00ed rodi\u010de (i d\u011bti nov\u011b p\u0159ijat\u00e9 od z\u00e1\u0159\u00ed),&nbsp; srde\u010dn\u011b V\u00e1s zveme na celodenn\u00ed v\u00fdlet do Kon\u011bprusk\u00fdch jesky\u0148 a na medv\u011bdy, kam pojedeme ve st\u0159edu 20. 5. 2026. V p\u0159\u00edpad\u011b z\u00e1jmu se nahlaste ve \u0161kolce \ud83d\ude42 V\u00fdsledky z\u00e1pisu naleznete zde\u2026 Aktu\u00e1ln\u00ed fotografie &#8211; zde&#8230;.: &nbsp; &nbsp; &nbsp; &nbsp; &nbsp; &nbsp; &nbsp; &nbsp;<\/p>\n","protected":false},"author":1,"featured_media":0,"parent":0,"menu_order":0,"comment_status":"closed","ping_status":"closed","template":"","meta":{"ngg_post_thumbnail":0,"footnotes":""},"class_list":["post-2","page","type-page","status-publish"],"_links":{"self":[{"href":"https:\/\/mslaz.cz\/index.php?rest_route=\/wp\/v2\/pages\/2","targetHints":{"allow":["GET"]}}],"collection":[{"href":"https:\/\/mslaz.cz\/index.php?rest_route=\/wp\/v2\/pages"}],"about":[{"href":"https:\/\/mslaz.cz\/index.php?rest_route=\/wp\/v2\/types\/page"}],"author":[{"embeddable":true,"href":"https:\/\/mslaz.cz\/index.php?rest_route=\/wp\/v2\/users\/1"}],"replies":[{"embeddable":true,"href":"https:\/\/mslaz.cz\/index.php?rest_route=%2Fwp%2Fv2%2Fcomments&post=2"}],"version-history":[{"count":466,"href":"https:\/\/mslaz.cz\/index.php?rest_route=\/wp\/v2\/pages\/2\/revisions"}],"predecessor-version":[{"id":7634,"href":"https:\/\/mslaz.cz\/index.php?rest_route=\/wp\/v2\/pages\/2\/revisions\/7634"}],"wp:attachment":[{"href":"https:\/\/mslaz.cz\/index.php?rest_route=%2Fwp%2Fv2%2Fmedia&parent=2"}],"curies":[{"name":"wp","href":"https:\/\/api.w.org\/{rel}","templated":true}]}}