{"id":3180,"date":"2018-08-03T13:55:34","date_gmt":"2018-08-03T12:55:34","guid":{"rendered":"http:\/\/mslaz.cz\/?page_id=3180"},"modified":"2023-11-01T09:15:32","modified_gmt":"2023-11-01T08:15:32","slug":"gdpr-poverenec-pro-ochranu-osobnich-udaju","status":"publish","type":"page","link":"https:\/\/mslaz.cz\/?page_id=3180","title":{"rendered":"GDPR &#8211; Pov\u011b\u0159enec pro ochranu osobn\u00edch \u00fadaj\u016f"},"content":{"rendered":"<div class=\"entry\">\n<p><strong>Pov\u011b\u0159enec pro ochranu osobn\u00edch \u00fadaj\u016f (GDPR):<\/strong><\/p>\n<table style=\"height: 316px;\" width=\"856\" cellspacing=\"0\" cellpadding=\"0\">\n<tbody>\n<tr valign=\"top\">\n<td style=\"font-size: 14px;\" rowspan=\"6\" width=\"30%\"><strong>EVERY REGARD s.r.o.<\/strong><\/td>\n<td style=\"font-size: 14px;\" width=\"70%\">Ostrava-Slezsk\u00e1 Ostrava, Z\u00e1mostn\u00ed 1155\/27, PS\u010c 710 00<\/td>\n<\/tr>\n<tr valign=\"middle\">\n<td style=\"font-size: 14px;\" width=\"70%\">I\u010c: 05460034<\/td>\n<\/tr>\n<tr valign=\"middle\">\n<td style=\"font-size: 14px;\" width=\"70%\">datov\u00e1 schr\u00e1nka: 8624hkb<\/td>\n<\/tr>\n<tr valign=\"middle\">\n<td style=\"font-size: 14px;\" width=\"70%\">tel.: 318 402 303<\/td>\n<\/tr>\n<tr valign=\"middle\">\n<td style=\"font-size: 14px;\" width=\"70%\">Miroslav Kalinsk\u00fd, jednaj\u00edc\u00ed na z\u00e1klad\u011b pln\u00e9 moci<\/td>\n<\/tr>\n<tr valign=\"middle\">\n<td style=\"font-size: 14px;\" width=\"70%\">Email: gdpr@everyregard.one<\/td>\n<\/tr>\n<tr valign=\"middle\">\n<td style=\"font-size: 14px;\" width=\"30%\">&nbsp;<\/td>\n<td style=\"font-size: 14px;\" width=\"70%\">Tel: +420 607 888 494<\/td>\n<\/tr>\n<tr valign=\"middle\">\n<td style=\"font-size: 14px;\" width=\"30%\">&nbsp;<\/td>\n<td style=\"font-size: 14px;\" width=\"70%\">&nbsp;<\/td>\n<\/tr>\n<tr valign=\"middle\">\n<td style=\"font-size: 14px;\" width=\"30%\">&nbsp;<\/td>\n<td style=\"font-size: 14px;\" width=\"70%\">&nbsp;<\/td>\n<\/tr>\n<tr valign=\"middle\">\n<td style=\"font-size: 14px;\" width=\"30%\">&nbsp;<\/td>\n<td style=\"font-size: 14px;\" width=\"70%\">&nbsp;<\/td>\n<\/tr>\n<\/tbody>\n<\/table>\n<\/div>\n","protected":false},"excerpt":{"rendered":"<p>Pov\u011b\u0159enec pro ochranu osobn\u00edch \u00fadaj\u016f (GDPR): EVERY REGARD s.r.o. Ostrava-Slezsk\u00e1 Ostrava, Z\u00e1mostn\u00ed 1155\/27, PS\u010c 710 00 I\u010c: 05460034 datov\u00e1 schr\u00e1nka: 8624hkb tel.: 318 402 303 Miroslav Kalinsk\u00fd, jednaj\u00edc\u00ed na z\u00e1klad\u011b pln\u00e9 moci Email: gdpr@everyregard.one &nbsp; Tel: +420 607 888 494 &nbsp; &nbsp; &nbsp; &nbsp; &nbsp; &nbsp;<\/p>\n","protected":false},"author":28,"featured_media":0,"parent":0,"menu_order":0,"comment_status":"closed","ping_status":"closed","template":"","meta":{"ngg_post_thumbnail":0,"footnotes":""},"class_list":["post-3180","page","type-page","status-publish"],"_links":{"self":[{"href":"https:\/\/mslaz.cz\/index.php?rest_route=\/wp\/v2\/pages\/3180","targetHints":{"allow":["GET"]}}],"collection":[{"href":"https:\/\/mslaz.cz\/index.php?rest_route=\/wp\/v2\/pages"}],"about":[{"href":"https:\/\/mslaz.cz\/index.php?rest_route=\/wp\/v2\/types\/page"}],"author":[{"embeddable":true,"href":"https:\/\/mslaz.cz\/index.php?rest_route=\/wp\/v2\/users\/28"}],"replies":[{"embeddable":true,"href":"https:\/\/mslaz.cz\/index.php?rest_route=%2Fwp%2Fv2%2Fcomments&post=3180"}],"version-history":[{"count":7,"href":"https:\/\/mslaz.cz\/index.php?rest_route=\/wp\/v2\/pages\/3180\/revisions"}],"predecessor-version":[{"id":6739,"href":"https:\/\/mslaz.cz\/index.php?rest_route=\/wp\/v2\/pages\/3180\/revisions\/6739"}],"wp:attachment":[{"href":"https:\/\/mslaz.cz\/index.php?rest_route=%2Fwp%2Fv2%2Fmedia&parent=3180"}],"curies":[{"name":"wp","href":"https:\/\/api.w.org\/{rel}","templated":true}]}}