{"id":3401,"date":"2018-10-24T08:35:58","date_gmt":"2018-10-24T07:35:58","guid":{"rendered":"http:\/\/mslaz.cz\/?page_id=3401"},"modified":"2024-01-21T20:00:40","modified_gmt":"2024-01-21T19:00:40","slug":"dokumenty-ke-stazeni","status":"publish","type":"page","link":"https:\/\/mslaz.cz\/?page_id=3401","title":{"rendered":"V\u00fdro\u010dn\u00ed zpr\u00e1vy"},"content":{"rendered":"<div class=\"entry\">\n<ul>\n<li><a href=\"http:\/\/mslaz.cz\/wp-content\/uploads\/2024\/01\/VYROCNI-ZPRAVA-O-CINNOSTI-SKOLY-2022-2023.pdf\" target=\"_blank\" rel=\"noopener\">V\u00ddRO\u010cN\u00cd ZPR\u00c1VA O \u010cINNOSTI \u0160KOLY 2022-2023<\/a><\/li>\n<li><a href=\"http:\/\/mslaz.cz\/wp-content\/uploads\/2022\/11\/VYROCNI-ZPRAVA-O-CINNOSTI-SKOLY-2021-2022.pdf\" target=\"_blank\" rel=\"noopener\">V\u00ddRO\u010cN\u00cd ZPR\u00c1VA O \u010cINNOSTI \u0160KOLY 2021-2022<\/a><\/li>\n<li><a href=\"http:\/\/mslaz.cz\/wp-content\/uploads\/2022\/04\/VYROCNI-ZPRAVA-O-CINNOSTI-SKOLY-2020-2021.pdf\" target=\"_blank\" rel=\"noopener\">V\u00ddRO\u010cN\u00cd ZPR\u00c1VA O \u010cINNOSTI \u0160KOLY 2020-2021<\/a><\/li>\n<li><a href=\"http:\/\/mslaz.cz\/wp-content\/uploads\/2022\/04\/VYROCNI-ZPRAVA-O-CINNOSTI-SKOLY-2019-2020.pdf\" target=\"_blank\" rel=\"noopener\">V\u00ddRO\u010cN\u00cd ZPR\u00c1VA O \u010cINNOSTI \u0160KOLY 2019-2020<\/a><\/li>\n<li><a href=\"http:\/\/mslaz.cz\/wp-content\/uploads\/2018\/10\/V\u00ddRO\u010cN\u00cd-ZPR\u00c1VA-O-\u010cINNOSTI-\u0160KOLY-2018-2019.pdf\">V\u00ddRO\u010cN\u00cd ZPR\u00c1VA O \u010cINNOSTI \u0160KOLY 2018-2019<\/a><\/li>\n<li><a href=\"http:\/\/mslaz.cz\/wp-content\/uploads\/2018\/10\/V\u00ddRO\u010cN\u00cd-ZPR\u00c1VA-O-\u010cINNOSTI-\u0160KOLY-2017-2018.pdf\">V\u00ddRO\u010cN\u00cd ZPR\u00c1VA O \u010cINNOSTI \u0160KOLY 2017-2018<\/a><\/li>\n<\/ul>\n<\/div>\n","protected":false},"excerpt":{"rendered":"<p>V\u00ddRO\u010cN\u00cd ZPR\u00c1VA O \u010cINNOSTI \u0160KOLY 2022-2023 V\u00ddRO\u010cN\u00cd ZPR\u00c1VA O \u010cINNOSTI \u0160KOLY 2021-2022 V\u00ddRO\u010cN\u00cd ZPR\u00c1VA O \u010cINNOSTI \u0160KOLY 2020-2021 V\u00ddRO\u010cN\u00cd ZPR\u00c1VA O \u010cINNOSTI \u0160KOLY 2019-2020 V\u00ddRO\u010cN\u00cd ZPR\u00c1VA O \u010cINNOSTI \u0160KOLY 2018-2019 V\u00ddRO\u010cN\u00cd ZPR\u00c1VA O \u010cINNOSTI \u0160KOLY 2017-2018<\/p>\n","protected":false},"author":28,"featured_media":0,"parent":0,"menu_order":0,"comment_status":"closed","ping_status":"closed","template":"","meta":{"ngg_post_thumbnail":0,"footnotes":""},"class_list":["post-3401","page","type-page","status-publish"],"_links":{"self":[{"href":"https:\/\/mslaz.cz\/index.php?rest_route=\/wp\/v2\/pages\/3401","targetHints":{"allow":["GET"]}}],"collection":[{"href":"https:\/\/mslaz.cz\/index.php?rest_route=\/wp\/v2\/pages"}],"about":[{"href":"https:\/\/mslaz.cz\/index.php?rest_route=\/wp\/v2\/types\/page"}],"author":[{"embeddable":true,"href":"https:\/\/mslaz.cz\/index.php?rest_route=\/wp\/v2\/users\/28"}],"replies":[{"embeddable":true,"href":"https:\/\/mslaz.cz\/index.php?rest_route=%2Fwp%2Fv2%2Fcomments&post=3401"}],"version-history":[{"count":7,"href":"https:\/\/mslaz.cz\/index.php?rest_route=\/wp\/v2\/pages\/3401\/revisions"}],"predecessor-version":[{"id":6872,"href":"https:\/\/mslaz.cz\/index.php?rest_route=\/wp\/v2\/pages\/3401\/revisions\/6872"}],"wp:attachment":[{"href":"https:\/\/mslaz.cz\/index.php?rest_route=%2Fwp%2Fv2%2Fmedia&parent=3401"}],"curies":[{"name":"wp","href":"https:\/\/api.w.org\/{rel}","templated":true}]}}