{"id":38,"date":"2016-10-27T11:28:43","date_gmt":"2016-10-27T11:28:43","guid":{"rendered":"http:\/\/mslaz.cz\/?page_id=38"},"modified":"2016-11-09T10:13:06","modified_gmt":"2016-11-09T09:13:06","slug":"pravidla-souziti-v-nasi-ms","status":"publish","type":"page","link":"https:\/\/mslaz.cz\/?page_id=38","title":{"rendered":"Pravidla sou\u017eit\u00ed v na\u0161\u00ed M\u0160"},"content":{"rendered":"<div class=\"entry\">\n<p>Pravidla sou\u017eit\u00ed v Mate\u0159sk\u00e9 \u0161kole L\u00e1z. Jsou spole\u010dn\u011b vytvo\u0159ena d\u011btmi a u\u010ditelkami, mohou se dle n\u00e1vrhu d\u011bt\u00ed, u\u010ditelek a rodi\u010d\u016f dopl\u0148ovat.<\/p>\n<ol>\n<li><strong><span style=\"color: rgb(0, 51, 0);\">Ve \u0161kolce NEB\u011aH\u00c1ME<\/span><\/strong>, prob\u011bhnout se m\u016f\u017eeme venku<br \/>\n(Nechceme ubl\u00ed\u017eit sob\u011b ani ostatn\u00edm)<\/li>\n<li><span style=\"color: rgb(255, 0, 255);\"><strong>Ve \u0161kolce NEK\u0158I\u010c\u00cdME.<\/strong><br \/>\n<\/span>(Chr\u00e1n\u00edme zdrav\u00ed na\u0161e i druh\u00fdch)<\/li>\n<li><span style=\"color: rgb(255, 0, 0);\"><strong>M\u00c1ME SE R\u00c1DI.<\/strong><br \/>\n<\/span>(Spory \u0159e\u0161\u00edme p\u0159\u00e1telskou domluvou, neubli\u017eujeme si a nikdo neubli\u017euje n\u00e1m)<\/li>\n<li><span style=\"color: rgb(0, 255, 0);\"><strong>POM\u00c1H\u00c1ME SI.<\/strong><br \/>\n<\/span>(U\u010d\u00edme se samostatnosti a pom\u00e1h\u00e1me si navz\u00e1jem)<\/li>\n<li><span style=\"color: rgb(255, 102, 0);\"><strong>UKL\u00cdZ\u00cdME po sob\u011b hra\u010dky.<\/strong><br \/>\n<\/span>(Nejprve uklid\u00edme co jsme si p\u016fj\u010dili, teprve potom si vezmeme dal\u0161\u00ed hra\u010dky)<\/li>\n<li><span style=\"color: rgb(128, 0, 0);\"><strong>NEKAZ\u00cdME druh\u00fdm hru.<\/strong><br \/>\n<\/span>(Neni\u010d\u00edme \u00famysln\u011b kamar\u00e1dovi jeho hru, stavbu, neru\u0161\u00edme nikoho p\u0159i pr\u00e1ci)<\/li>\n<li><span style=\"color: rgb(51, 102, 255);\"><strong>CHOV\u00c1ME se slu\u0161n\u011b.<\/strong><br \/>\n<\/span>(Nezapom\u00edn\u00e1me pozdravit, poprosit, pod\u011bkovat. Zept\u00e1me se, kdy\u017e si chceme n\u011bco p\u016fj\u010dit. Nemluv\u00edme hrub\u011b)<\/li>\n<li><strong><span style=\"color: rgb(255, 0, 255);\">NESK\u00c1\u010cEME druh\u00fdm (dosp\u011bl\u00fdm i d\u011btem) do \u0159e\u010di.<\/span><\/strong><br \/>\n(Mluv\u00ed v\u017edy jen jeden, nech\u00e1me druh\u00e9ho vyj\u00e1d\u0159it se)<\/li>\n<\/ol>\n<\/div>\n","protected":false},"excerpt":{"rendered":"<p>Pravidla sou\u017eit\u00ed v Mate\u0159sk\u00e9 \u0161kole L\u00e1z. Jsou spole\u010dn\u011b vytvo\u0159ena d\u011btmi a u\u010ditelkami, mohou se dle n\u00e1vrhu d\u011bt\u00ed, u\u010ditelek a rodi\u010d\u016f dopl\u0148ovat. Ve \u0161kolce NEB\u011aH\u00c1ME, prob\u011bhnout se m\u016f\u017eeme venku (Nechceme ubl\u00ed\u017eit sob\u011b ani ostatn\u00edm) Ve \u0161kolce NEK\u0158I\u010c\u00cdME. (Chr\u00e1n\u00edme zdrav\u00ed na\u0161e i druh\u00fdch) M\u00c1ME SE R\u00c1DI. (Spory \u0159e\u0161\u00edme p\u0159\u00e1telskou domluvou, neubli\u017eujeme si a nikdo neubli\u017euje n\u00e1m) POM\u00c1H\u00c1ME &#8230;<\/p>\n","protected":false},"author":1,"featured_media":0,"parent":0,"menu_order":0,"comment_status":"closed","ping_status":"closed","template":"","meta":{"ngg_post_thumbnail":0,"footnotes":""},"class_list":["post-38","page","type-page","status-publish"],"_links":{"self":[{"href":"https:\/\/mslaz.cz\/index.php?rest_route=\/wp\/v2\/pages\/38","targetHints":{"allow":["GET"]}}],"collection":[{"href":"https:\/\/mslaz.cz\/index.php?rest_route=\/wp\/v2\/pages"}],"about":[{"href":"https:\/\/mslaz.cz\/index.php?rest_route=\/wp\/v2\/types\/page"}],"author":[{"embeddable":true,"href":"https:\/\/mslaz.cz\/index.php?rest_route=\/wp\/v2\/users\/1"}],"replies":[{"embeddable":true,"href":"https:\/\/mslaz.cz\/index.php?rest_route=%2Fwp%2Fv2%2Fcomments&post=38"}],"version-history":[{"count":5,"href":"https:\/\/mslaz.cz\/index.php?rest_route=\/wp\/v2\/pages\/38\/revisions"}],"predecessor-version":[{"id":524,"href":"https:\/\/mslaz.cz\/index.php?rest_route=\/wp\/v2\/pages\/38\/revisions\/524"}],"wp:attachment":[{"href":"https:\/\/mslaz.cz\/index.php?rest_route=%2Fwp%2Fv2%2Fmedia&parent=38"}],"curies":[{"name":"wp","href":"https:\/\/api.w.org\/{rel}","templated":true}]}}