{"id":4975,"date":"2020-01-01T20:31:55","date_gmt":"2020-01-01T19:31:55","guid":{"rendered":"http:\/\/mslaz.cz\/?page_id=4975"},"modified":"2020-01-01T20:36:48","modified_gmt":"2020-01-01T19:36:48","slug":"rozpocet-2020","status":"publish","type":"page","link":"https:\/\/mslaz.cz\/?page_id=4975","title":{"rendered":"Rozpo\u010det 2020"},"content":{"rendered":"<div class=\"entry\">\n<p>N\u00e1vrh rozpo\u010dtu 2020 pro M\u0160 L\u00e1z si m\u016f\u017eete st\u00e1hnout zde:<\/p>\n<ul>\n<li><strong><a href=\"http:\/\/mslaz.cz\/wp-content\/uploads\/2020\/01\/M\u0160-L\u00e1z-Rozpo\u010det-2020-schv\u00e1len\u00fd.pdf\" target=\"_blank\" rel=\"noopener noreferrer\">M\u0160 L\u00e1z &#8211; Rozpo\u010det 2020 schv\u00e1len\u00fd<\/a><\/strong><\/li>\n<li><strong><a href=\"http:\/\/mslaz.cz\/wp-content\/uploads\/2020\/01\/M\u0160-L\u00e1z-N\u00e1vrh-rozpo\u010dtu-2020.pdf\" target=\"_blank\" rel=\"noopener noreferrer\">M\u0160 L\u00e1z &#8211; N\u00e1vrh rozpo\u010dtu 2020<\/a><\/strong><\/li>\n<\/ul>\n<\/div>\n","protected":false},"excerpt":{"rendered":"<p>N\u00e1vrh rozpo\u010dtu 2020 pro M\u0160 L\u00e1z si m\u016f\u017eete st\u00e1hnout zde: M\u0160 L\u00e1z &#8211; Rozpo\u010det 2020 schv\u00e1len\u00fd M\u0160 L\u00e1z &#8211; N\u00e1vrh rozpo\u010dtu 2020<\/p>\n","protected":false},"author":28,"featured_media":0,"parent":0,"menu_order":0,"comment_status":"closed","ping_status":"closed","template":"","meta":{"ngg_post_thumbnail":0,"footnotes":""},"class_list":["post-4975","page","type-page","status-publish"],"_links":{"self":[{"href":"https:\/\/mslaz.cz\/index.php?rest_route=\/wp\/v2\/pages\/4975","targetHints":{"allow":["GET"]}}],"collection":[{"href":"https:\/\/mslaz.cz\/index.php?rest_route=\/wp\/v2\/pages"}],"about":[{"href":"https:\/\/mslaz.cz\/index.php?rest_route=\/wp\/v2\/types\/page"}],"author":[{"embeddable":true,"href":"https:\/\/mslaz.cz\/index.php?rest_route=\/wp\/v2\/users\/28"}],"replies":[{"embeddable":true,"href":"https:\/\/mslaz.cz\/index.php?rest_route=%2Fwp%2Fv2%2Fcomments&post=4975"}],"version-history":[{"count":3,"href":"https:\/\/mslaz.cz\/index.php?rest_route=\/wp\/v2\/pages\/4975\/revisions"}],"predecessor-version":[{"id":4981,"href":"https:\/\/mslaz.cz\/index.php?rest_route=\/wp\/v2\/pages\/4975\/revisions\/4981"}],"wp:attachment":[{"href":"https:\/\/mslaz.cz\/index.php?rest_route=%2Fwp%2Fv2%2Fmedia&parent=4975"}],"curies":[{"name":"wp","href":"https:\/\/api.w.org\/{rel}","templated":true}]}}