{"id":55,"date":"2016-10-27T12:09:06","date_gmt":"2016-10-27T12:09:06","guid":{"rendered":"http:\/\/mslaz.cz\/?page_id=55"},"modified":"2019-08-19T08:39:06","modified_gmt":"2019-08-19T07:39:06","slug":"rychly-kontakt","status":"publish","type":"page","link":"https:\/\/mslaz.cz\/?page_id=55","title":{"rendered":"Rychl\u00fd kontakt"},"content":{"rendered":"<div class=\"entry\">\n<table border=\"0\">\n<tbody>\n<tr>\n<td colspan=\"2\"><strong>Rychl\u00fd kontakt do \u0161koly:<\/strong><\/td>\n<\/tr>\n<tr>\n<td>Adresa \u0161koly:<\/td>\n<td>Mate\u0159sk\u00e1 \u0161kola L\u00e1z, L\u00e1z 7, Bohut\u00edn 262 41<\/td>\n<\/tr>\n<tr>\n<td>Telefon:<\/td>\n<td>318 676 121<\/td>\n<\/tr>\n<tr>\n<td>&nbsp;<\/td>\n<td>607 243 269 \u2013 mobil \u0161kolky (6.00-16.30)<\/td>\n<\/tr>\n<tr>\n<td>&nbsp;<\/td>\n<td>607 827 592 (\u0159editelka)<\/td>\n<\/tr>\n<tr>\n<td>E-mail:<\/td>\n<td><a href=\"mailto:info@mslaz.cz\">info@mslaz.cz<\/a><\/td>\n<\/tr>\n<\/tbody>\n<\/table>\n<\/div>\n","protected":false},"excerpt":{"rendered":"<p>Rychl\u00fd kontakt do \u0161koly: Adresa \u0161koly: Mate\u0159sk\u00e1 \u0161kola L\u00e1z, L\u00e1z 7, Bohut\u00edn 262 41 Telefon: 318 676 121 &nbsp; 607 243 269 \u2013 mobil \u0161kolky (6.00-16.30) &nbsp; 607 827 592 (\u0159editelka) E-mail: info@mslaz.cz<\/p>\n","protected":false},"author":1,"featured_media":0,"parent":0,"menu_order":0,"comment_status":"closed","ping_status":"closed","template":"","meta":{"ngg_post_thumbnail":0,"footnotes":""},"class_list":["post-55","page","type-page","status-publish"],"_links":{"self":[{"href":"https:\/\/mslaz.cz\/index.php?rest_route=\/wp\/v2\/pages\/55","targetHints":{"allow":["GET"]}}],"collection":[{"href":"https:\/\/mslaz.cz\/index.php?rest_route=\/wp\/v2\/pages"}],"about":[{"href":"https:\/\/mslaz.cz\/index.php?rest_route=\/wp\/v2\/types\/page"}],"author":[{"embeddable":true,"href":"https:\/\/mslaz.cz\/index.php?rest_route=\/wp\/v2\/users\/1"}],"replies":[{"embeddable":true,"href":"https:\/\/mslaz.cz\/index.php?rest_route=%2Fwp%2Fv2%2Fcomments&post=55"}],"version-history":[{"count":4,"href":"https:\/\/mslaz.cz\/index.php?rest_route=\/wp\/v2\/pages\/55\/revisions"}],"predecessor-version":[{"id":4564,"href":"https:\/\/mslaz.cz\/index.php?rest_route=\/wp\/v2\/pages\/55\/revisions\/4564"}],"wp:attachment":[{"href":"https:\/\/mslaz.cz\/index.php?rest_route=%2Fwp%2Fv2%2Fmedia&parent=55"}],"curies":[{"name":"wp","href":"https:\/\/api.w.org\/{rel}","templated":true}]}}