{"id":5900,"date":"2021-10-14T10:25:29","date_gmt":"2021-10-14T09:25:29","guid":{"rendered":"http:\/\/mslaz.cz\/?page_id=5900"},"modified":"2022-10-18T08:34:14","modified_gmt":"2022-10-18T07:34:14","slug":"archiv-skolni-rok-2021-2022","status":"publish","type":"page","link":"https:\/\/mslaz.cz\/?page_id=5900","title":{"rendered":"Archiv \u0161koln\u00ed rok 2021\/2022"},"content":{"rendered":"<div class=\"entry\">\n<ul>\n<li><a href=\"http:\/\/mslaz.cz\/?page_id=6394\">2022 &#8211; \u00fanor &#8211; ly\u017ea\u0159sk\u00fd pobyt Mon\u00ednec<\/a><\/li>\n<li><a href=\"http:\/\/mslaz.cz\/?page_id=6105\">2022 &#8211; leden &#8211; ve \u0161kolce<\/a><\/li>\n<li><a href=\"http:\/\/mslaz.cz\/?page_id=6011\">2021 \u2013 z\u00e1\u0159\u00ed \u2013 ve \u0161kolce<\/a><\/li>\n<\/ul>\n<\/div>\n","protected":false},"excerpt":{"rendered":"<p>2022 &#8211; \u00fanor &#8211; ly\u017ea\u0159sk\u00fd pobyt Mon\u00ednec 2022 &#8211; leden &#8211; ve \u0161kolce 2021 \u2013 z\u00e1\u0159\u00ed \u2013 ve \u0161kolce<\/p>\n","protected":false},"author":28,"featured_media":0,"parent":0,"menu_order":0,"comment_status":"closed","ping_status":"closed","template":"","meta":{"ngg_post_thumbnail":0,"footnotes":""},"class_list":["post-5900","page","type-page","status-publish"],"_links":{"self":[{"href":"https:\/\/mslaz.cz\/index.php?rest_route=\/wp\/v2\/pages\/5900","targetHints":{"allow":["GET"]}}],"collection":[{"href":"https:\/\/mslaz.cz\/index.php?rest_route=\/wp\/v2\/pages"}],"about":[{"href":"https:\/\/mslaz.cz\/index.php?rest_route=\/wp\/v2\/types\/page"}],"author":[{"embeddable":true,"href":"https:\/\/mslaz.cz\/index.php?rest_route=\/wp\/v2\/users\/28"}],"replies":[{"embeddable":true,"href":"https:\/\/mslaz.cz\/index.php?rest_route=%2Fwp%2Fv2%2Fcomments&post=5900"}],"version-history":[{"count":4,"href":"https:\/\/mslaz.cz\/index.php?rest_route=\/wp\/v2\/pages\/5900\/revisions"}],"predecessor-version":[{"id":6396,"href":"https:\/\/mslaz.cz\/index.php?rest_route=\/wp\/v2\/pages\/5900\/revisions\/6396"}],"wp:attachment":[{"href":"https:\/\/mslaz.cz\/index.php?rest_route=%2Fwp%2Fv2%2Fmedia&parent=5900"}],"curies":[{"name":"wp","href":"https:\/\/api.w.org\/{rel}","templated":true}]}}