{"id":6263,"date":"2022-05-31T09:30:21","date_gmt":"2022-05-31T08:30:21","guid":{"rendered":"http:\/\/mslaz.cz\/?page_id=6263"},"modified":"2024-09-03T13:52:24","modified_gmt":"2024-09-03T12:52:24","slug":"skolni-rad","status":"publish","type":"page","link":"https:\/\/mslaz.cz\/?page_id=6263","title":{"rendered":"\u0160koln\u00ed \u0159\u00e1d"},"content":{"rendered":"<div class=\"entry\">\n<ul>\n<li><a href=\"http:\/\/mslaz.cz\/wp-content\/uploads\/2024\/09\/skolni-rad-MS-Laz-2024-25.pdf\" target=\"_blank\" rel=\"noopener\">\u0160koln\u00ed \u0159\u00e1d M\u0160 L\u00e1z 2024-25<\/a><\/li>\n<li><a href=\"http:\/\/mslaz.cz\/wp-content\/uploads\/2024\/02\/Skolni-rad-MS-Laz-2023-24.pdf\" target=\"_blank\" rel=\"noopener\">\u0160koln\u00ed \u0159\u00e1d M\u0160 L\u00e1z 2023-24<\/a><\/li>\n<li><a href=\"http:\/\/mslaz.cz\/wp-content\/uploads\/2024\/02\/Skolni-rad-MS-Laz-2022-23.pdf\" target=\"_blank\" rel=\"noopener\">\u0160koln\u00ed \u0159\u00e1d M\u0160 L\u00e1z 2022-23<\/a><\/li>\n<li><a href=\"http:\/\/mslaz.cz\/wp-content\/uploads\/2022\/05\/Skolni-rad-MS-Laz-2021-22.pdf\" target=\"_blank\" rel=\"noopener\">\u0160koln\u00ed \u0159\u00e1d M\u0160 L\u00e1z 2021-22<\/a><\/li>\n<\/ul>\n<\/div>\n","protected":false},"excerpt":{"rendered":"<p>\u0160koln\u00ed \u0159\u00e1d M\u0160 L\u00e1z 2024-25 \u0160koln\u00ed \u0159\u00e1d M\u0160 L\u00e1z 2023-24 \u0160koln\u00ed \u0159\u00e1d M\u0160 L\u00e1z 2022-23 \u0160koln\u00ed \u0159\u00e1d M\u0160 L\u00e1z 2021-22<\/p>\n","protected":false},"author":28,"featured_media":0,"parent":0,"menu_order":0,"comment_status":"closed","ping_status":"closed","template":"","meta":{"ngg_post_thumbnail":0,"footnotes":""},"class_list":["post-6263","page","type-page","status-publish"],"_links":{"self":[{"href":"https:\/\/mslaz.cz\/index.php?rest_route=\/wp\/v2\/pages\/6263","targetHints":{"allow":["GET"]}}],"collection":[{"href":"https:\/\/mslaz.cz\/index.php?rest_route=\/wp\/v2\/pages"}],"about":[{"href":"https:\/\/mslaz.cz\/index.php?rest_route=\/wp\/v2\/types\/page"}],"author":[{"embeddable":true,"href":"https:\/\/mslaz.cz\/index.php?rest_route=\/wp\/v2\/users\/28"}],"replies":[{"embeddable":true,"href":"https:\/\/mslaz.cz\/index.php?rest_route=%2Fwp%2Fv2%2Fcomments&post=6263"}],"version-history":[{"count":7,"href":"https:\/\/mslaz.cz\/index.php?rest_route=\/wp\/v2\/pages\/6263\/revisions"}],"predecessor-version":[{"id":7130,"href":"https:\/\/mslaz.cz\/index.php?rest_route=\/wp\/v2\/pages\/6263\/revisions\/7130"}],"wp:attachment":[{"href":"https:\/\/mslaz.cz\/index.php?rest_route=%2Fwp%2Fv2%2Fmedia&parent=6263"}],"curies":[{"name":"wp","href":"https:\/\/api.w.org\/{rel}","templated":true}]}}