{"id":6493,"date":"2023-01-03T11:33:41","date_gmt":"2023-01-03T10:33:41","guid":{"rendered":"http:\/\/mslaz.cz\/?page_id=6493"},"modified":"2023-01-03T11:33:41","modified_gmt":"2023-01-03T10:33:41","slug":"rozpocet-2023","status":"publish","type":"page","link":"https:\/\/mslaz.cz\/?page_id=6493","title":{"rendered":"Rozpo\u010det 2023"},"content":{"rendered":"<div class=\"entry\">\n<ul>\n<li><a href=\"http:\/\/mslaz.cz\/wp-content\/uploads\/2023\/01\/MS-Laz-Schvaleny-rozpocet-2023.pdf\" target=\"_blank\" rel=\"noopener\">M\u0160 L\u00e1z &#8211; Schv\u00e1len\u00fd rozpo\u010det 2023<\/a><\/li>\n<li><a href=\"http:\/\/mslaz.cz\/wp-content\/uploads\/2023\/01\/MS-Laz-Navrh-rozpoctu-2023.pdf\" target=\"_blank\" rel=\"noopener\">M\u0160 L\u00e1z &#8211; N\u00e1vrh rozpo\u010dtu 2023<\/a><\/li>\n<\/ul>\n<\/div>\n","protected":false},"excerpt":{"rendered":"<p>M\u0160 L\u00e1z &#8211; Schv\u00e1len\u00fd rozpo\u010det 2023 M\u0160 L\u00e1z &#8211; N\u00e1vrh rozpo\u010dtu 2023<\/p>\n","protected":false},"author":28,"featured_media":0,"parent":0,"menu_order":0,"comment_status":"closed","ping_status":"closed","template":"","meta":{"ngg_post_thumbnail":0,"footnotes":""},"class_list":["post-6493","page","type-page","status-publish"],"_links":{"self":[{"href":"https:\/\/mslaz.cz\/index.php?rest_route=\/wp\/v2\/pages\/6493","targetHints":{"allow":["GET"]}}],"collection":[{"href":"https:\/\/mslaz.cz\/index.php?rest_route=\/wp\/v2\/pages"}],"about":[{"href":"https:\/\/mslaz.cz\/index.php?rest_route=\/wp\/v2\/types\/page"}],"author":[{"embeddable":true,"href":"https:\/\/mslaz.cz\/index.php?rest_route=\/wp\/v2\/users\/28"}],"replies":[{"embeddable":true,"href":"https:\/\/mslaz.cz\/index.php?rest_route=%2Fwp%2Fv2%2Fcomments&post=6493"}],"version-history":[{"count":1,"href":"https:\/\/mslaz.cz\/index.php?rest_route=\/wp\/v2\/pages\/6493\/revisions"}],"predecessor-version":[{"id":6496,"href":"https:\/\/mslaz.cz\/index.php?rest_route=\/wp\/v2\/pages\/6493\/revisions\/6496"}],"wp:attachment":[{"href":"https:\/\/mslaz.cz\/index.php?rest_route=%2Fwp%2Fv2%2Fmedia&parent=6493"}],"curies":[{"name":"wp","href":"https:\/\/api.w.org\/{rel}","templated":true}]}}