{"id":6951,"date":"2024-03-13T13:44:13","date_gmt":"2024-03-13T12:44:13","guid":{"rendered":"https:\/\/mslaz.cz\/?page_id=6951"},"modified":"2024-03-13T14:53:33","modified_gmt":"2024-03-13T13:53:33","slug":"adaptacni-plan","status":"publish","type":"page","link":"https:\/\/mslaz.cz\/?page_id=6951","title":{"rendered":"Adapta\u010dn\u00ed pl\u00e1n"},"content":{"rendered":"<div class=\"entry\">\n<p>Vstup do \u0161kolky je pro d\u00edt\u011b velkou zm\u011bnou v \u017eivot\u011b. Dit\u011b bylo zvykl\u00e9 b\u00fdt v\u011bt\u0161inou ve spole\u010dnosti sv\u00fdch nejbli\u017e\u0161\u00edch a najednou se mus\u00ed od nich odpoutat. Seznamuje se se sv\u00fdmi u\u010ditelkami, pro n\u011bj ciz\u00edmi lidmi, mus\u00ed se d\u011blit se o jejich pozornost i o hra\u010dky se sv\u00fdmi vrstevn\u00edky. Toto obdob\u00ed m\u016f\u017ee b\u00fdt pro d\u00edt\u011b psychicky i fyzicky velmi n\u00e1ro\u010dn\u00e9. Na\u0161im c\u00edlem je, aby adapta\u010dn\u00ed obdob\u00ed v mate\u0159sk\u00e9 \u0161kole prob\u011bhlo \u00fasp\u011b\u0161n\u011b a d\u00edt\u011b mohlo co nejd\u0159\u00edve pokra\u010dovat v pravideln\u00e9 celodenn\u00ed doch\u00e1zce do M\u0160.<\/p>\n<p><strong>Nab\u00edz\u00edme V\u00e1m adapta\u010dn\u00ed aktivity p\u0159ed n\u00e1stupem do M\u0160<\/strong><\/p>\n<ul>\n<li><strong>Den otev\u0159en\u00fdch dve\u0159\u00ed \u2013 <\/strong>uve\u0159ejn\u011bn v\u017edy p\u0159ed z\u00e1pisem do M\u0160, mo\u017enost str\u00e1vit odpoledne v&nbsp;M\u0160 i s&nbsp;rodi\u010di, pohr\u00e1t si, sezn\u00e1mit se s&nbsp;u\u010ditelkami.<\/li>\n<li><strong>N\u00e1v\u0161t\u011bvy na zahrad\u011b M\u0160 \u2013 <\/strong>po p\u0159edchoz\u00ed domluv\u011b lze p\u0159ich\u00e1zet s&nbsp;nov\u011b p\u0159ijat\u00fdmi d\u011btmi na zahradu M\u0160 v&nbsp;dob\u011b pobytu venku, pohr\u00e1t si s&nbsp;d\u011btmi ze \u0161kolky, navazovat vztahy s&nbsp;u\u010ditelkami.<\/li>\n<li><strong>V\u00edkendov\u00fd pobyt v&nbsp;\u010dervnu \u2013<\/strong> spole\u010dn\u00fd v\u00edkend s&nbsp;rodi\u010di a d\u011btmi, mo\u017eno p\u0159ihl\u00e1sit se a jet i nov\u011b nastupuj\u00edc\u00ed d\u011bti s&nbsp;rodi\u010di. C\u00edlem je prohlubov\u00e1n\u00ed vztah\u016f, pozn\u00e1v\u00e1n\u00ed se i mimo budovu M\u0160, budov\u00e1n\u00ed vztah\u016f i mezi rodi\u010di navz\u00e1jem.<\/li>\n<li><strong>Spole\u010dn\u00e9 seznamovac\u00ed odpoledne \u2013<\/strong> na konci srpna, t\u011bsn\u011b p\u0159ed n\u00e1stupem do M\u0160, spole\u010dn\u011b str\u00e1ven\u00e9 odpoledne na zahrad\u011b M\u0160, spole\u010dn\u00e9 op\u00e9k\u00e1n\u00ed vu\u0159t\u016f.<\/li>\n<\/ul>\n<p>&nbsp;<\/p>\n<p><strong>Doporu\u010den\u00e1 adaptace \u2013 d\u011bti mlad\u0161\u00ed 3 let<\/strong><\/p>\n<p><strong>1.den<\/strong><br \/>\nPrvn\u00ed n\u00e1v\u0161t\u011bva cca&nbsp;na hodinu (mo\u017eno spolu s&nbsp;rodi\u010dem), kdy se d\u00edt\u011b spole\u010dn\u011b<br \/>\ns&nbsp;rodi\u010dem sezn\u00e1m\u00ed s&nbsp;prost\u0159ed\u00edm \u0161kolky, programem, re\u017eimem, person\u00e1lem i<br \/>\nostatn\u00edmi d\u011btmi.<\/p>\n<p><strong>2.den<br \/>\n<\/strong>Dal\u0161\u00ed n\u00e1v\u0161t\u011bva, ji\u017e bez&nbsp;rodi\u010de v&nbsp;p\u0159\u00edpad\u011b, \u017ee&nbsp;d\u00edt\u011b neprotestuje, op\u011bt cca&nbsp;na hodinu. Pokud samo odm\u00edt\u00e1, m\u016f\u017ee rodi\u010d z\u016fstat ve&nbsp;t\u0159\u00edd\u011b, pokus\u00ed se b\u00fdt sp\u00ed\u0161e v&nbsp;pozad\u00ed a&nbsp;informuje d\u00edt\u011b o&nbsp;tom, \u017ee&nbsp;se bude d\u00edvat, jak se mu ve&nbsp;\u0161kolce l\u00edb\u00ed.<\/p>\n<p><strong>3.den<br \/>\n<\/strong>T\u0159et\u00ed n\u00e1v\u0161t\u011bvu by ji\u017e d\u00edt\u011b m\u011blo absolvovat samo, kr\u00e1tkou dobu, max. hodinu, nejd\u00e9le do&nbsp;pod\u00e1v\u00e1n\u00ed sva\u010diny. I&nbsp;kdy\u017e nechce b\u00fdt bez&nbsp;rodi\u010de, je d\u016fle\u017eit\u00e9, \u017ee&nbsp;se p\u0159esv\u011bd\u010d\u00ed, \u017ee&nbsp;rodi\u010d se pro&nbsp;n\u011bho brzy vr\u00e1t\u00ed.<\/p>\n<p><strong>4. a 5.den<\/strong><br \/>\nDal\u0161\u00ed samostatn\u00e1 n\u00e1v\u0161t\u011bva d\u00edt\u011bte m\u016f\u017ee b\u00fdt a\u017e do&nbsp;10&nbsp;hod, pokud d\u00edt\u011b zvl\u00e1d\u00e1\u2026<br \/>\nV&nbsp;n\u00e1sleduj\u00edc\u00edch dnech d\u00e9lku pobytu prodlu\u017eovat p\u0159\u00edpadn\u011b zkracovat dle kondice d\u011bt\u00ed.<\/p>\n<p><strong>2.&nbsp;<\/strong><strong>t\u00fdden<\/strong><br \/>\nDopoledn\u00ed doch\u00e1zka, odchod po ob\u011bd\u011b \u2013 12:30 a\u017e 13:00 hod.<\/p>\n<p><strong>Dopl\u0148kov\u00e1 f\u00e1ze:<\/strong><br \/>\nOd t\u0159et\u00edho t\u00fddne, pokud prob\u00edh\u00e1 adaptace bez obt\u00ed\u017e\u00ed, je mo\u017en\u00e9 vyzkou\u0161et celodenn\u00ed pobyt d\u00edt\u011bte v M\u0160 s odchodem po 15hodin\u011b.<\/p>\n<p><strong>Doporu\u010den\u00e1 adaptace \u2013 d\u011bti star\u0161\u00ed 3 let<\/strong><\/p>\n<p><strong>1.<\/strong><strong>t\u00fdden<\/strong><br \/>\n1.den v M\u0160 \u2013 maxim\u00e1ln\u011b do 10 hodin.<br \/>\nV p\u0159\u00edpad\u011b pohodov\u00e9ho n\u00e1stupu bez pl\u00e1\u010de do konce t\u00fddne doch\u00e1zka d\u00edt\u011bte nejd\u00e9le do ob\u011bda, v&nbsp;p\u0159\u00edpad\u011b hor\u0161\u00ed adaptace po cel\u00fd t\u00fdden doch\u00e1zka d\u00edt\u011bte do 10.hod.<\/p>\n<p><em><strong>2.<\/strong><\/em><strong> t\u00fdden<\/strong><br \/>\nDopoledn\u00ed doch\u00e1zka, odchod po ob\u011bd\u011b \u2013 12:30 a\u017e 13:00 hod.<\/p>\n<p><strong>Dopl\u0148kov\u00e1 f\u00e1ze:<\/strong><br \/>\nOd t\u0159et\u00edho t\u00fddne, pokud prob\u00edh\u00e1 adaptace bez obt\u00ed\u017e\u00ed, je mo\u017en\u00e9 vyzkou\u0161et celodenn\u00ed pobyt d\u00edt\u011bte v M\u0160 s odchodem po 15hodin\u011b.<\/p>\n<p><strong>Metody, kter\u00e9 uplat\u0148ujeme p\u0159i adapta\u010dn\u00edm re\u017eimu:<\/strong><\/p>\n<p><strong>Individu\u00e1ln\u00ed p\u0159\u00edstup<\/strong><br \/>\nKa\u017ed\u00e9 d\u00edt\u011b zvl\u00e1d\u00e1 situaci jinak a&nbsp;ka\u017ed\u00e9 pot\u0159ebuje n\u011bco jin\u00e9ho. U\u010ditel mus\u00ed k&nbsp;d\u00edt\u011bti p\u0159istupovat s&nbsp;empati\u00ed, vyu\u017e\u00edvat intuici a&nbsp;vyzkou\u0161et, co na&nbsp;kter\u00e9 d\u00edt\u011b plat\u00ed. (N\u011bkter\u00e9mu d\u00edt\u011bti pom\u016f\u017ee, kdy\u017e je ponech\u00e1no v&nbsp;klidu, jin\u00e9 pot\u0159ebuje zapojit do&nbsp;\u010dinnosti.)<\/p>\n<p><strong>P\u0159edm\u011bt z&nbsp;domova<\/strong><br \/>\nD\u00edt\u011b si do&nbsp;M\u0160 p\u0159inese hra\u010dku, kn\u00ed\u017eku, nebo jak\u00fdkoliv obl\u00edben\u00fd p\u0159edm\u011bt z&nbsp;domova.<\/p>\n<p><strong>Komunikace prost\u0159ednictv\u00edm ma\u0148\u00e1ska<\/strong><br \/>\nP\u0159i&nbsp;ostychu d\u00edt\u011bte v&nbsp;prvn\u00edch dnech lze vyu\u017e\u00edt ma\u0148\u00e1ska nebo hra\u010dku jako prost\u0159edn\u00edka pro&nbsp;nav\u00e1z\u00e1n\u00ed kontaktu mezi u\u010ditelkou a&nbsp;d\u00edt\u011btem.<\/p>\n<p><strong>Ritu\u00e1ly<\/strong><br \/>\nPravideln\u00e9 ritu\u00e1ly navozuj\u00ed pocit jistoty a&nbsp;bezpe\u010d\u00ed. (nap\u0159. zam\u00e1vat rodi\u010d\u016fm z&nbsp;okna p\u0159i&nbsp;odchodu, p\u0159iv\u00edt\u00e1n\u00ed s&nbsp;pan\u00ed u\u010ditelkou).<\/p>\n<p><strong>Pravideln\u00fd denn\u00ed re\u017eim<\/strong><br \/>\nOpakuj\u00edc\u00ed \u010dinnosti, kter\u00e9 prob\u00edhaj\u00ed ka\u017ed\u00fd den \u2013 rann\u00ed kruh, pohybov\u00e9 aktivity, \u010dten\u00ed poh\u00e1dky. D\u016fle\u017eit\u00e9 jsou jasn\u011b signalizovan\u00e9 \u00faseky v&nbsp;organizaci dne a&nbsp;dostatek klidn\u00fdch chvil.<\/p>\n<p><strong>Vhodn\u00e9 \u010dinnosti<\/strong><br \/>\nZa\u0159azen\u00ed aktivit, kter\u00e9 nejsou z\u00e1visl\u00e9 na&nbsp;vyjad\u0159ovac\u00edch schopnostech. Tanec, pohybov\u00e9 \u010dinnosti, poslech hudby, kreslen\u00ed, malov\u00e1n\u00ed aj.<\/p>\n<p><strong>Dobrovolnost<\/strong><br \/>\nD\u00edt\u011b do&nbsp;ni\u010deho nenutit, pokud se nechce zapojit do&nbsp;\u010dinnost\u00ed, nechat ho, a\u0165 se jen d\u00edv\u00e1.<\/p>\n<p><strong>Stejn\u00e9 m\u00edsto u&nbsp;stolu<\/strong><br \/>\nPocit bezpe\u010d\u00ed m\u016f\u017eeme v&nbsp;d\u00edt\u011bti podpo\u0159it i&nbsp;p\u0159id\u011blen\u00edm stabiln\u00edho m\u00edsta u&nbsp;stolu.<\/p>\n<p><strong>Doporu\u010dujeme:<\/strong><\/p>\n<ul>\n<li>Pamatovat na&nbsp;z\u00e1sadu \u201eNetla\u010dit p\u0159\u00edli\u0161 na&nbsp;urychlen\u00ed adaptace, \u010d\u00edm v\u00edce se sna\u017e\u00edte, t\u00edm pomalej\u0161\u00ed bude \u0161ance na&nbsp;adaptaci va\u0161eho d\u00edt\u011bte.\u201c V\u0161e chce sv\u016fj \u010das a&nbsp;ka\u017ed\u00e9 d\u00edt\u011b je jin\u00e9. Prodlu\u017eovat d\u00e9lku pobytu d\u00edt\u011bte v&nbsp;M\u0160 postupn\u011b.<\/li>\n<li>Rozvrhnout si \u010das, tak aby d\u00edt\u011b nec\u00edtilo \u010dasov\u00fd stres, aby bylo v&nbsp;nov\u00e9m prost\u0159ed\u00ed uspokojen\u00e9 ve&nbsp;sv\u00fdch hrav\u00fdch a&nbsp;objevitelsk\u00fdch pot\u0159eb\u00e1ch. Po&nbsp;p\u0159\u00edchodu do&nbsp;M\u0160 plnit sliby ohledn\u011b vyzved\u00e1v\u00e1n\u00ed d\u00edt\u011bte ze&nbsp;\u0161kolky.<\/li>\n<li>P\u0159ed n\u00e1stupem do M\u0160 mluvit s d\u00edt\u011btem o tom, co se ve \u0161kolce d\u011bl\u00e1, jak\u00e9 to tam je, jak\u00e9 ho \u010dekaj\u00ed radosti, ale \u017ee se mohou vyskytnout i t\u011b\u017ekosti. Prohl\u00e9dnout si spole\u010dn\u011b fotogalerii M\u0160, p\u0159i n\u00e1stupu u\u017e bude na co navazovat. Vyhnout se negativn\u00edm popis\u016fm, jako &#8222;tam t\u011b nau\u010d\u00ed poslouchat&#8220;, &#8222;tam se s tebou nikdo dohadovat nebude&#8220;.<\/li>\n<li>Rozlou\u010den\u00ed s d\u00edt\u011btem ve t\u0159\u00edd\u011b by m\u011blo b\u00fdt mil\u00e9, ale rozhodn\u00e9. Pomoci m\u016f\u017ee kr\u00e1tk\u00fd ritu\u00e1l. Rychl\u00fd \u00fat\u011bk, ani hodinov\u00e9 sc\u00e9ny mezi dve\u0159mi d\u00edt\u011bti neprosp\u011bj\u00ed. Pan\u00ed u\u010ditelky jsou p\u0159ipraven\u00e9 s rozlou\u010den\u00edm pomoci, ale z\u00e1rove\u0148 je pot\u0159eba myslet na to, \u017ee se mus\u00ed v\u011bnovat i dal\u0161\u00edm d\u011btem.<\/li>\n<li>Neslibovat d\u00edt\u011bti odm\u011bny za pobyt ve \u0161kolce. D\u00edt\u011b m\u016f\u017ee vn\u00edmat, \u017ee \u0161kolka je n\u011bco nep\u0159\u00edjemn\u00e9ho, za co mus\u00ed b\u00fdt odm\u011bn\u011bno. M\u016f\u017ee tak\u00e9 pro\u017e\u00edvat dvojit\u00fd stres z toho, \u017ee bude plakat a t\u00edm p\u00e1dem nedostane sl\u00edbenou odm\u011bnu.<\/li>\n<li>Prvn\u00ed dny v M\u0160 neusp\u011bchat. Jde n\u00e1m p\u0159edev\u0161\u00edm o spokojen\u00e9 d\u00edt\u011b. U d\u00edt\u011bte, kter\u00e9 si zvyk\u00e1 pomaleji, je pot\u0159eba domluvit s u\u010ditelkami na t\u0159\u00edd\u011b individu\u00e1ln\u00ed pr\u016fb\u011bh adaptace. D\u00e1t d\u00edt\u011bti najevo, \u017ee rozum\u00edte jeho obav\u00e1m p\u0159i n\u00e1stupu do mate\u0159sk\u00e9 \u0161koly, ujistit ho, \u017ee mu v\u011b\u0159\u00edte a \u017ee v\u0161e zvl\u00e1dne, zv\u00fd\u0161\u00edte tak jeho sebed\u016fv\u011bru.<\/li>\n<li>Vyvarovat se v\u00fdhru\u017eek typu: &#8222;Po\u010dkej, a\u017e bude\u0161 muset chodit do \u0161kolky!&#8220; &#8222;Jestli bude\u0161 zlobit, p\u016fjde\u0161 do \u0161kolky&#8220;<\/li>\n<li><strong>Rodi\u010de, pov\u00eddejte si s&nbsp;d\u011btmi<\/strong> o tom, co budou v M\u0160 d\u011blat, nem\u011bjte obavy, kdy\u017e se zpo\u010d\u00e1tku objev\u00ed zm\u011bna chov\u00e1n\u00ed \u2013 d\u011bti se na ur\u010ditou dobu uzav\u00edraj\u00ed do sebe, hledaj\u00ed sv\u00e9 jistoty, kter\u00e9 maj\u00ed z dom\u00e1c\u00edho prost\u0159ed\u00ed, m\u016f\u017ee se objevit separa\u010dn\u00ed \u00fazkost.&nbsp;<\/li>\n<li><strong>Tento stav<\/strong>, kdy d\u011bti v\u00edce p\u0159ilnou k&nbsp;mamince, jsou na&nbsp;n\u00ed v\u00edce z\u00e1visl\u00e9, pl\u00e1\u010dou, nebo jsou naopak agresivn\u00ed, d\u011blaj\u00ed kroky zp\u011bt v&nbsp;hygien\u011b, \u010di&nbsp;stolov\u00e1n\u00ed, v&nbsp;b\u011b\u017en\u00fdch ritu\u00e1lech, maj\u00ed sn\u00ed\u017eenou schopnost samostatnosti, jsou v\u00edce pasivn\u00ed, omezuj\u00ed komunikaci apod.&nbsp;<strong>je p\u0159echodn\u00fd<\/strong>. A&nbsp;v\u017edy respektujte doporu\u010den\u00ed u\u010ditelek.<\/li>\n<\/ul>\n<p>&nbsp;<\/p>\n<p>&nbsp;<\/p>\n<\/div>\n","protected":false},"excerpt":{"rendered":"<p>Vstup do \u0161kolky je pro d\u00edt\u011b velkou zm\u011bnou v \u017eivot\u011b. Dit\u011b bylo zvykl\u00e9 b\u00fdt v\u011bt\u0161inou ve spole\u010dnosti sv\u00fdch nejbli\u017e\u0161\u00edch a najednou se mus\u00ed od nich odpoutat. Seznamuje se se sv\u00fdmi u\u010ditelkami, pro n\u011bj ciz\u00edmi lidmi, mus\u00ed se d\u011blit se o jejich pozornost i o hra\u010dky se sv\u00fdmi vrstevn\u00edky. Toto obdob\u00ed m\u016f\u017ee b\u00fdt pro d\u00edt\u011b psychicky &#8230;<\/p>\n","protected":false},"author":28,"featured_media":0,"parent":0,"menu_order":0,"comment_status":"closed","ping_status":"closed","template":"","meta":{"ngg_post_thumbnail":0,"footnotes":""},"class_list":["post-6951","page","type-page","status-publish"],"_links":{"self":[{"href":"https:\/\/mslaz.cz\/index.php?rest_route=\/wp\/v2\/pages\/6951","targetHints":{"allow":["GET"]}}],"collection":[{"href":"https:\/\/mslaz.cz\/index.php?rest_route=\/wp\/v2\/pages"}],"about":[{"href":"https:\/\/mslaz.cz\/index.php?rest_route=\/wp\/v2\/types\/page"}],"author":[{"embeddable":true,"href":"https:\/\/mslaz.cz\/index.php?rest_route=\/wp\/v2\/users\/28"}],"replies":[{"embeddable":true,"href":"https:\/\/mslaz.cz\/index.php?rest_route=%2Fwp%2Fv2%2Fcomments&post=6951"}],"version-history":[{"count":5,"href":"https:\/\/mslaz.cz\/index.php?rest_route=\/wp\/v2\/pages\/6951\/revisions"}],"predecessor-version":[{"id":6962,"href":"https:\/\/mslaz.cz\/index.php?rest_route=\/wp\/v2\/pages\/6951\/revisions\/6962"}],"wp:attachment":[{"href":"https:\/\/mslaz.cz\/index.php?rest_route=%2Fwp%2Fv2%2Fmedia&parent=6951"}],"curies":[{"name":"wp","href":"https:\/\/api.w.org\/{rel}","templated":true}]}}