{"id":7689,"date":"2026-05-15T07:01:36","date_gmt":"2026-05-15T06:01:36","guid":{"rendered":"https:\/\/mslaz.cz\/?page_id=7689"},"modified":"2026-05-15T07:01:36","modified_gmt":"2026-05-15T06:01:36","slug":"rozpocet-2026","status":"publish","type":"page","link":"https:\/\/mslaz.cz\/?page_id=7689","title":{"rendered":"Rozpo\u010det 2026"},"content":{"rendered":"<div class=\"entry\">\n<ul>\n<li><a href=\"http:\/\/mslaz.cz\/wp-content\/uploads\/2026\/05\/MS-Laz-Schvaleny-rozpocet-2026.pdf\" target=\"_blank\" rel=\"noopener\">M\u0160 L\u00e1z &#8211; Schv\u00e1len\u00fd rozpo\u010det 2026<\/a><\/li>\n<li><a href=\"http:\/\/mslaz.cz\/wp-content\/uploads\/2026\/05\/MS-Laz-Navrh-rozpoctu-2026.pdf\" target=\"_blank\" rel=\"noopener\">M\u0160 L\u00e1z &#8211; N\u00e1vrh rozpo\u010dtu 2026<\/a><\/li>\n<\/ul>\n<\/div>\n","protected":false},"excerpt":{"rendered":"<p>M\u0160 L\u00e1z &#8211; Schv\u00e1len\u00fd rozpo\u010det 2026 M\u0160 L\u00e1z &#8211; N\u00e1vrh rozpo\u010dtu 2026<\/p>\n","protected":false},"author":28,"featured_media":0,"parent":0,"menu_order":0,"comment_status":"closed","ping_status":"closed","template":"","meta":{"ngg_post_thumbnail":0,"footnotes":""},"class_list":["post-7689","page","type-page","status-publish"],"_links":{"self":[{"href":"https:\/\/mslaz.cz\/index.php?rest_route=\/wp\/v2\/pages\/7689","targetHints":{"allow":["GET"]}}],"collection":[{"href":"https:\/\/mslaz.cz\/index.php?rest_route=\/wp\/v2\/pages"}],"about":[{"href":"https:\/\/mslaz.cz\/index.php?rest_route=\/wp\/v2\/types\/page"}],"author":[{"embeddable":true,"href":"https:\/\/mslaz.cz\/index.php?rest_route=\/wp\/v2\/users\/28"}],"replies":[{"embeddable":true,"href":"https:\/\/mslaz.cz\/index.php?rest_route=%2Fwp%2Fv2%2Fcomments&post=7689"}],"version-history":[{"count":1,"href":"https:\/\/mslaz.cz\/index.php?rest_route=\/wp\/v2\/pages\/7689\/revisions"}],"predecessor-version":[{"id":7692,"href":"https:\/\/mslaz.cz\/index.php?rest_route=\/wp\/v2\/pages\/7689\/revisions\/7692"}],"wp:attachment":[{"href":"https:\/\/mslaz.cz\/index.php?rest_route=%2Fwp%2Fv2%2Fmedia&parent=7689"}],"curies":[{"name":"wp","href":"https:\/\/api.w.org\/{rel}","templated":true}]}}