{"id":7709,"date":"2026-05-15T07:21:33","date_gmt":"2026-05-15T06:21:33","guid":{"rendered":"https:\/\/mslaz.cz\/?page_id=7709"},"modified":"2026-05-15T07:23:32","modified_gmt":"2026-05-15T06:23:32","slug":"archiv-skolni-rok-2025-2026","status":"publish","type":"page","link":"https:\/\/mslaz.cz\/?page_id=7709","title":{"rendered":"Archiv \u0161koln\u00ed rok 2025\/2026"},"content":{"rendered":"<div class=\"entry\">\n<ul>\n<li><a href=\"https:\/\/mslaz.cz\/?page_id=7711\">Dopravn\u00ed \u0161koli\u010dka<\/a><\/li>\n<\/ul>\n<\/div>\n","protected":false},"excerpt":{"rendered":"<p>Dopravn\u00ed \u0161koli\u010dka<\/p>\n","protected":false},"author":28,"featured_media":0,"parent":0,"menu_order":0,"comment_status":"closed","ping_status":"closed","template":"","meta":{"ngg_post_thumbnail":0,"footnotes":""},"class_list":["post-7709","page","type-page","status-publish"],"_links":{"self":[{"href":"https:\/\/mslaz.cz\/index.php?rest_route=\/wp\/v2\/pages\/7709","targetHints":{"allow":["GET"]}}],"collection":[{"href":"https:\/\/mslaz.cz\/index.php?rest_route=\/wp\/v2\/pages"}],"about":[{"href":"https:\/\/mslaz.cz\/index.php?rest_route=\/wp\/v2\/types\/page"}],"author":[{"embeddable":true,"href":"https:\/\/mslaz.cz\/index.php?rest_route=\/wp\/v2\/users\/28"}],"replies":[{"embeddable":true,"href":"https:\/\/mslaz.cz\/index.php?rest_route=%2Fwp%2Fv2%2Fcomments&post=7709"}],"version-history":[{"count":2,"href":"https:\/\/mslaz.cz\/index.php?rest_route=\/wp\/v2\/pages\/7709\/revisions"}],"predecessor-version":[{"id":7713,"href":"https:\/\/mslaz.cz\/index.php?rest_route=\/wp\/v2\/pages\/7709\/revisions\/7713"}],"wp:attachment":[{"href":"https:\/\/mslaz.cz\/index.php?rest_route=%2Fwp%2Fv2%2Fmedia&parent=7709"}],"curies":[{"name":"wp","href":"https:\/\/api.w.org\/{rel}","templated":true}]}}