{"id":7711,"date":"2026-05-15T07:22:38","date_gmt":"2026-05-15T06:22:38","guid":{"rendered":"https:\/\/mslaz.cz\/?page_id=7711"},"modified":"2026-05-15T07:22:43","modified_gmt":"2026-05-15T06:22:43","slug":"dopravni-skolicka","status":"publish","type":"page","link":"https:\/\/mslaz.cz\/?page_id=7711","title":{"rendered":"Dopravn\u00ed \u0161koli\u010dka"},"content":{"rendered":"<div class=\"entry\">\nngg_shortcode_0_placeholder\n<\/div>\n","protected":false},"excerpt":{"rendered":"","protected":false},"author":28,"featured_media":0,"parent":0,"menu_order":0,"comment_status":"closed","ping_status":"closed","template":"","meta":{"ngg_post_thumbnail":0,"footnotes":""},"class_list":["post-7711","page","type-page","status-publish"],"_links":{"self":[{"href":"https:\/\/mslaz.cz\/index.php?rest_route=\/wp\/v2\/pages\/7711","targetHints":{"allow":["GET"]}}],"collection":[{"href":"https:\/\/mslaz.cz\/index.php?rest_route=\/wp\/v2\/pages"}],"about":[{"href":"https:\/\/mslaz.cz\/index.php?rest_route=\/wp\/v2\/types\/page"}],"author":[{"embeddable":true,"href":"https:\/\/mslaz.cz\/index.php?rest_route=\/wp\/v2\/users\/28"}],"replies":[{"embeddable":true,"href":"https:\/\/mslaz.cz\/index.php?rest_route=%2Fwp%2Fv2%2Fcomments&post=7711"}],"version-history":[{"count":1,"href":"https:\/\/mslaz.cz\/index.php?rest_route=\/wp\/v2\/pages\/7711\/revisions"}],"predecessor-version":[{"id":7712,"href":"https:\/\/mslaz.cz\/index.php?rest_route=\/wp\/v2\/pages\/7711\/revisions\/7712"}],"wp:attachment":[{"href":"https:\/\/mslaz.cz\/index.php?rest_route=%2Fwp%2Fv2%2Fmedia&parent=7711"}],"curies":[{"name":"wp","href":"https:\/\/api.w.org\/{rel}","templated":true}]}}