{"id":939,"date":"2017-02-03T10:42:39","date_gmt":"2017-02-03T09:42:39","guid":{"rendered":"http:\/\/mslaz.cz\/?page_id=939"},"modified":"2018-06-11T21:32:31","modified_gmt":"2018-06-11T20:32:31","slug":"jak-to-u-nas-vypada","status":"publish","type":"page","link":"https:\/\/mslaz.cz\/?page_id=939","title":{"rendered":"Jak to u n\u00e1s vypad\u00e1"},"content":{"rendered":"<div class=\"entry\">\n<p><em><strong>Na\u0161e Mate\u0159sk\u00e1 \u0161kola:<\/strong><\/em><\/p>\n<p><a href=\"http:\/\/mslaz.cz\/wp-content\/uploads\/2017\/02\/20161011_083933-1.jpg\"><img loading=\"lazy\" decoding=\"async\" class=\"aligncenter wp-image-963 size-full\" src=\"http:\/\/mslaz.cz\/wp-content\/uploads\/2017\/02\/20161011_083933-1.jpg\" width=\"640\" height=\"360\" srcset=\"https:\/\/mslaz.cz\/wp-content\/uploads\/2017\/02\/20161011_083933-1.jpg 640w, https:\/\/mslaz.cz\/wp-content\/uploads\/2017\/02\/20161011_083933-1-300x169.jpg 300w\" sizes=\"auto, (max-width: 640px) 100vw, 640px\" \/><\/a><\/p>\n<p><em><strong>Interaktivn\u00ed tabule:<\/p>\n<p><a href=\"http:\/\/mslaz.cz\/wp-content\/uploads\/2017\/02\/InteraktivniTabule.jpg\"><img loading=\"lazy\" decoding=\"async\" class=\"size-full wp-image-2977 aligncenter\" src=\"http:\/\/mslaz.cz\/wp-content\/uploads\/2017\/02\/InteraktivniTabule.jpg\" alt=\"\" width=\"640\" height=\"480\" srcset=\"https:\/\/mslaz.cz\/wp-content\/uploads\/2017\/02\/InteraktivniTabule.jpg 640w, https:\/\/mslaz.cz\/wp-content\/uploads\/2017\/02\/InteraktivniTabule-300x225.jpg 300w\" sizes=\"auto, (max-width: 640px) 100vw, 640px\" \/><\/a><br \/>\n<\/strong><\/em><\/p>\n<p><em><strong>T\u0159\u00edda s hernou:<br \/>\n<\/strong><\/em><\/p>\n<p><a href=\"http:\/\/mslaz.cz\/wp-content\/uploads\/2017\/02\/20161118_143933.jpg\"><img loading=\"lazy\" decoding=\"async\" class=\"aligncenter wp-image-965 size-full\" src=\"http:\/\/mslaz.cz\/wp-content\/uploads\/2017\/02\/20161118_143933.jpg\" width=\"480\" height=\"853\" srcset=\"https:\/\/mslaz.cz\/wp-content\/uploads\/2017\/02\/20161118_143933.jpg 480w, https:\/\/mslaz.cz\/wp-content\/uploads\/2017\/02\/20161118_143933-169x300.jpg 169w\" sizes=\"auto, (max-width: 480px) 100vw, 480px\" \/><\/a><a href=\"http:\/\/mslaz.cz\/wp-content\/uploads\/2017\/02\/20161118_143948-1.jpg\"><img loading=\"lazy\" decoding=\"async\" class=\"aligncenter wp-image-966 size-full\" src=\"http:\/\/mslaz.cz\/wp-content\/uploads\/2017\/02\/20161118_143948-1.jpg\" width=\"480\" height=\"732\" srcset=\"https:\/\/mslaz.cz\/wp-content\/uploads\/2017\/02\/20161118_143948-1.jpg 480w, https:\/\/mslaz.cz\/wp-content\/uploads\/2017\/02\/20161118_143948-1-197x300.jpg 197w\" sizes=\"auto, (max-width: 480px) 100vw, 480px\" \/><\/a><\/p>\n<p><em><strong>Lo\u017enice d\u011bt\u00ed:<\/strong><\/em><\/p>\n<p><a href=\"http:\/\/mslaz.cz\/wp-content\/uploads\/2017\/02\/20161118_143920.jpg\"><img loading=\"lazy\" decoding=\"async\" class=\"aligncenter wp-image-964 size-full\" src=\"http:\/\/mslaz.cz\/wp-content\/uploads\/2017\/02\/20161118_143920.jpg\" width=\"640\" height=\"360\" srcset=\"https:\/\/mslaz.cz\/wp-content\/uploads\/2017\/02\/20161118_143920.jpg 640w, https:\/\/mslaz.cz\/wp-content\/uploads\/2017\/02\/20161118_143920-300x169.jpg 300w\" sizes=\"auto, (max-width: 640px) 100vw, 640px\" \/><\/a><\/p>\n<p><em><strong>Koupelna a toalety:&nbsp;<\/strong><\/em><\/p>\n<p><a href=\"http:\/\/mslaz.cz\/wp-content\/uploads\/2017\/02\/20161118_144017.jpg\"><img loading=\"lazy\" decoding=\"async\" class=\"aligncenter wp-image-968 size-full\" src=\"http:\/\/mslaz.cz\/wp-content\/uploads\/2017\/02\/20161118_144017.jpg\" width=\"640\" height=\"360\" srcset=\"https:\/\/mslaz.cz\/wp-content\/uploads\/2017\/02\/20161118_144017.jpg 640w, https:\/\/mslaz.cz\/wp-content\/uploads\/2017\/02\/20161118_144017-300x169.jpg 300w\" sizes=\"auto, (max-width: 640px) 100vw, 640px\" \/><\/a><a href=\"http:\/\/mslaz.cz\/wp-content\/uploads\/2017\/02\/20161118_144002.jpg\"><img loading=\"lazy\" decoding=\"async\" class=\"aligncenter wp-image-967 size-full\" src=\"http:\/\/mslaz.cz\/wp-content\/uploads\/2017\/02\/20161118_144002.jpg\" width=\"640\" height=\"360\" srcset=\"https:\/\/mslaz.cz\/wp-content\/uploads\/2017\/02\/20161118_144002.jpg 640w, https:\/\/mslaz.cz\/wp-content\/uploads\/2017\/02\/20161118_144002-300x169.jpg 300w\" sizes=\"auto, (max-width: 640px) 100vw, 640px\" \/><\/a><\/p>\n<p>&nbsp;<\/p>\n<\/div>\n","protected":false},"excerpt":{"rendered":"<p>Na\u0161e Mate\u0159sk\u00e1 \u0161kola: Interaktivn\u00ed tabule: T\u0159\u00edda s hernou: Lo\u017enice d\u011bt\u00ed: Koupelna a toalety:&nbsp; &nbsp;<\/p>\n","protected":false},"author":28,"featured_media":0,"parent":0,"menu_order":0,"comment_status":"closed","ping_status":"closed","template":"","meta":{"ngg_post_thumbnail":0,"footnotes":""},"class_list":["post-939","page","type-page","status-publish"],"_links":{"self":[{"href":"https:\/\/mslaz.cz\/index.php?rest_route=\/wp\/v2\/pages\/939","targetHints":{"allow":["GET"]}}],"collection":[{"href":"https:\/\/mslaz.cz\/index.php?rest_route=\/wp\/v2\/pages"}],"about":[{"href":"https:\/\/mslaz.cz\/index.php?rest_route=\/wp\/v2\/types\/page"}],"author":[{"embeddable":true,"href":"https:\/\/mslaz.cz\/index.php?rest_route=\/wp\/v2\/users\/28"}],"replies":[{"embeddable":true,"href":"https:\/\/mslaz.cz\/index.php?rest_route=%2Fwp%2Fv2%2Fcomments&post=939"}],"version-history":[{"count":6,"href":"https:\/\/mslaz.cz\/index.php?rest_route=\/wp\/v2\/pages\/939\/revisions"}],"predecessor-version":[{"id":2978,"href":"https:\/\/mslaz.cz\/index.php?rest_route=\/wp\/v2\/pages\/939\/revisions\/2978"}],"wp:attachment":[{"href":"https:\/\/mslaz.cz\/index.php?rest_route=%2Fwp%2Fv2%2Fmedia&parent=939"}],"curies":[{"name":"wp","href":"https:\/\/api.w.org\/{rel}","templated":true}]}}